{"id":16567,"date":"2022-06-21T11:51:49","date_gmt":"2022-06-21T08:51:49","guid":{"rendered":"https:\/\/ataarelief.org\/kalite-ve-uyumluluk\/"},"modified":"2022-06-21T11:51:50","modified_gmt":"2022-06-21T08:51:50","slug":"kalite-ve-uyumluluk","status":"publish","type":"page","link":"https:\/\/ataarelief.org\/tr\/kalite-ve-uyumluluk\/","title":{"rendered":"Kalite ve Uyumluluk"},"content":{"rendered":"\t\t<div data-elementor-type=\"wp-page\" data-elementor-id=\"16567\" class=\"elementor elementor-16567 elementor-12547\" data-elementor-post-type=\"page\">\n\t\t\t\t\t\t<section class=\"elementor-section elementor-top-section elementor-element elementor-element-1b0a83b elementor-section-boxed elementor-section-height-default elementor-section-height-default\" data-id=\"1b0a83b\" data-element_type=\"section\">\n\t\t\t\t\t\t<div class=\"elementor-container elementor-column-gap-default\">\n\t\t\t\t\t<div class=\"elementor-column elementor-col-100 elementor-top-column elementor-element elementor-element-e699c41\" data-id=\"e699c41\" data-element_type=\"column\">\n\t\t\t<div class=\"elementor-widget-wrap elementor-element-populated\">\n\t\t\t\t\t\t<div class=\"elementor-element elementor-element-6fa3a32 elementor-widget elementor-widget-text-editor\" data-id=\"6fa3a32\" data-element_type=\"widget\" data-widget_type=\"text-editor.default\">\n\t\t\t\t<div class=\"elementor-widget-container\">\n\t\t\t\t\t\t\t<strong><span data-contrast=\"none\" xml:lang=\"EN-US\" lang=\"EN-US\" class=\"TextRun SCXW207319702 BCX8\"><span class=\"SpellingError SCXW207319702 BCX8\">Faydalan\u0131c\u0131lar\u0131m\u0131z\u0131n<\/span><\/span><span data-contrast=\"none\" xml:lang=\"AR-SA\" lang=\"AR-SA\" class=\"TextRun SCXW207319702 BCX8\"><span class=\"NormalTextRun SCXW207319702 BCX8\"> <\/span><\/span><span data-contrast=\"none\" xml:lang=\"EN-US\" lang=\"EN-US\" class=\"TextRun SCXW207319702 BCX8\"><span class=\"SpellingError SCXW207319702 BCX8\">ve<\/span><\/span><span data-contrast=\"none\" xml:lang=\"AR-SA\" lang=\"AR-SA\" class=\"TextRun SCXW207319702 BCX8\"><span class=\"NormalTextRun SCXW207319702 BCX8\"> <\/span><\/span><span data-contrast=\"none\" xml:lang=\"EN-US\" lang=\"EN-US\" class=\"TextRun SCXW207319702 BCX8\"><span class=\"SpellingError SCXW207319702 BCX8\">destek\u00e7ilerimizin<\/span><\/span><span data-contrast=\"none\" xml:lang=\"AR-SA\" lang=\"AR-SA\" class=\"TextRun SCXW207319702 BCX8\"><span class=\"NormalTextRun SCXW207319702 BCX8\"> <\/span><\/span><span data-contrast=\"none\" xml:lang=\"EN-US\" lang=\"EN-US\" class=\"TextRun SCXW207319702 BCX8\"><span class=\"SpellingError SCXW207319702 BCX8\">memnuniyetini<\/span><\/span><span data-contrast=\"none\" xml:lang=\"AR-SA\" lang=\"AR-SA\" class=\"TextRun SCXW207319702 BCX8\"><span class=\"NormalTextRun SCXW207319702 BCX8\"> <\/span><\/span><span data-contrast=\"none\" xml:lang=\"EN-US\" lang=\"EN-US\" class=\"TextRun SCXW207319702 BCX8\"><span class=\"SpellingError SCXW207319702 BCX8\">art\u0131rmak<\/span><\/span><span data-contrast=\"none\" xml:lang=\"AR-SA\" lang=\"AR-SA\" class=\"TextRun SCXW207319702 BCX8\"><span class=\"NormalTextRun SCXW207319702 BCX8\"> <\/span><\/span><span data-contrast=\"none\" xml:lang=\"EN-US\" lang=\"EN-US\" class=\"TextRun SCXW207319702 BCX8\"><span class=\"SpellingError SCXW207319702 BCX8\">i\u00e7in<\/span><\/span><span data-contrast=\"none\" xml:lang=\"AR-SA\" lang=\"AR-SA\" class=\"TextRun SCXW207319702 BCX8\"><span class=\"NormalTextRun SCXW207319702 BCX8\"> <\/span><\/span><span data-contrast=\"none\" xml:lang=\"EN-US\" lang=\"EN-US\" class=\"TextRun SCXW207319702 BCX8\"><span class=\"SpellingError SCXW207319702 BCX8\">t\u00fcm<\/span><\/span><span data-contrast=\"none\" xml:lang=\"AR-SA\" lang=\"AR-SA\" class=\"TextRun SCXW207319702 BCX8\"><span class=\"NormalTextRun SCXW207319702 BCX8\"> <\/span><\/span><span data-contrast=\"none\" xml:lang=\"EN-US\" lang=\"EN-US\" class=\"TextRun SCXW207319702 BCX8\"><span class=\"SpellingError SCXW207319702 BCX8\">hizmetlerimizi<\/span><\/span><span data-contrast=\"none\" xml:lang=\"AR-SA\" lang=\"AR-SA\" class=\"TextRun SCXW207319702 BCX8\"><span class=\"NormalTextRun SCXW207319702 BCX8\"> <\/span><\/span><span data-contrast=\"none\" xml:lang=\"EN-US\" lang=\"EN-US\" class=\"TextRun SCXW207319702 BCX8\"><span class=\"SpellingError SCXW207319702 BCX8\">ve<\/span><\/span><span data-contrast=\"none\" xml:lang=\"AR-SA\" lang=\"AR-SA\" class=\"TextRun SCXW207319702 BCX8\"><span class=\"NormalTextRun SCXW207319702 BCX8\"> <\/span><\/span><span data-contrast=\"none\" xml:lang=\"EN-US\" lang=\"EN-US\" class=\"TextRun SCXW207319702 BCX8\"><span class=\"SpellingError SCXW207319702 BCX8\">\u00fcr\u00fcnlerimizi<\/span><\/span><span data-contrast=\"none\" xml:lang=\"AR-SA\" lang=\"AR-SA\" class=\"TextRun SCXW207319702 BCX8\"><span class=\"NormalTextRun SCXW207319702 BCX8\"> <\/span><\/span><span data-contrast=\"none\" xml:lang=\"EN-US\" lang=\"EN-US\" class=\"TextRun SCXW207319702 BCX8\"><span class=\"SpellingError SCXW207319702 BCX8\">y\u00f6neten<\/span><\/span><span data-contrast=\"none\" xml:lang=\"AR-SA\" lang=\"AR-SA\" class=\"TextRun SCXW207319702 BCX8\"><span class=\"NormalTextRun SCXW207319702 BCX8\"> <\/span><\/span><span data-contrast=\"none\" xml:lang=\"EN-US\" lang=\"EN-US\" class=\"TextRun SCXW207319702 BCX8\"><span class=\"SpellingError SCXW207319702 BCX8\">bir<\/span><span class=\"NormalTextRun SCXW207319702 BCX8\"> dizi <\/span><span class=\"SpellingError SCXW207319702 BCX8\">kalite<\/span><\/span><span data-contrast=\"none\" xml:lang=\"AR-SA\" lang=\"AR-SA\" class=\"TextRun SCXW207319702 BCX8\"><span class=\"NormalTextRun SCXW207319702 BCX8\"> <\/span><\/span><span data-contrast=\"none\" xml:lang=\"EN-US\" lang=\"EN-US\" class=\"TextRun SCXW207319702 BCX8\"><span class=\"SpellingError SCXW207319702 BCX8\">standard\u0131na<\/span><\/span><span data-contrast=\"none\" xml:lang=\"AR-SA\" lang=\"AR-SA\" class=\"TextRun SCXW207319702 BCX8\"><span class=\"NormalTextRun SCXW207319702 BCX8\"> <\/span><\/span><span data-contrast=\"none\" xml:lang=\"EN-US\" lang=\"EN-US\" class=\"TextRun SCXW207319702 BCX8\"><span class=\"SpellingError SCXW207319702 BCX8\">ve<\/span><\/span><span data-contrast=\"none\" xml:lang=\"AR-SA\" lang=\"AR-SA\" class=\"TextRun SCXW207319702 BCX8\"><span class=\"NormalTextRun SCXW207319702 BCX8\"> <\/span><\/span><span data-contrast=\"none\" xml:lang=\"EN-US\" lang=\"EN-US\" class=\"TextRun SCXW207319702 BCX8\"><span class=\"SpellingError SCXW207319702 BCX8\">\u015fart\u0131na<\/span><\/span><span data-contrast=\"none\" xml:lang=\"AR-SA\" lang=\"AR-SA\" class=\"TextRun SCXW207319702 BCX8\"><span class=\"NormalTextRun SCXW207319702 BCX8\"> <\/span><\/span><span data-contrast=\"none\" xml:lang=\"EN-US\" lang=\"EN-US\" class=\"TextRun SCXW207319702 BCX8\"><span class=\"SpellingError SCXW207319702 BCX8\">ba\u011fl\u0131y\u0131z<\/span><\/span><span data-contrast=\"none\" xml:lang=\"AR-SA\" lang=\"AR-SA\" class=\"TextRun SCXW207319702 BCX8\"><span class=\"NormalTextRun SCXW207319702 BCX8\">.<\/span><\/span><span class=\"EOP SCXW207319702 BCX8\" data-ccp-props=\"{&quot;201341983&quot;:0,&quot;335559740&quot;:259}\">\u00a0<\/span><\/strong>\t\t\t\t\t\t<\/div>\n\t\t\t\t<\/div>\n\t\t\t\t\t<\/div>\n\t\t<\/div>\n\t\t\t\t\t<\/div>\n\t\t<\/section>\n\t\t\t\t<\/div>\n\t\t","protected":false},"excerpt":{"rendered":"<p>Faydalan\u0131c\u0131lar\u0131m\u0131z\u0131n ve destek\u00e7ilerimizin memnuniyetini art\u0131rmak i\u00e7in t\u00fcm hizmetlerimizi ve \u00fcr\u00fcnlerimizi y\u00f6neten bir dizi kalite standard\u0131na ve \u015fart\u0131na ba\u011fl\u0131y\u0131z.\u00a0<\/p>\n","protected":false},"author":8,"featured_media":6989,"parent":0,"menu_order":0,"comment_status":"closed","ping_status":"closed","template":"","meta":{"footnotes":""},"class_list":["post-16567","page","type-page","status-publish","has-post-thumbnail","hentry"],"yoast_head":"<!-- This site is optimized with the Yoast SEO Premium plugin v26.1 (Yoast SEO v27.3) - https:\/\/yoast.com\/product\/yoast-seo-premium-wordpress\/ -->\n<title>- Kalite ve Uyumluluk<\/title>\n<meta name=\"robots\" content=\"index, follow, max-snippet:-1, max-image-preview:large, max-video-preview:-1\" \/>\n<link rel=\"canonical\" href=\"https:\/\/ataarelief.org\/tr\/kalite-ve-uyumluluk\/\" \/>\n<meta property=\"og:locale\" content=\"tr_TR\" \/>\n<meta property=\"og:type\" content=\"article\" \/>\n<meta property=\"og:title\" content=\"Kalite ve Uyumluluk\" \/>\n<meta property=\"og:description\" content=\"Faydalan\u0131c\u0131lar\u0131m\u0131z\u0131n ve destek\u00e7ilerimizin memnuniyetini art\u0131rmak i\u00e7in t\u00fcm hizmetlerimizi ve \u00fcr\u00fcnlerimizi y\u00f6neten bir dizi kalite standard\u0131na ve \u015fart\u0131na ba\u011fl\u0131y\u0131z.\u00a0\" \/>\n<meta property=\"og:url\" content=\"https:\/\/ataarelief.org\/tr\/kalite-ve-uyumluluk\/\" \/>\n<meta property=\"og:site_name\" content=\"ATAA RELIEF\" \/>\n<meta property=\"article:publisher\" content=\"https:\/\/www.facebook.com\/AtaaRelief\" \/>\n<meta property=\"article:modified_time\" content=\"2022-06-21T08:51:50+00:00\" \/>\n<meta property=\"og:image\" content=\"https:\/\/ataarelief.org\/wp-content\/uploads\/2019\/06\/s2.jpg\" \/>\n\t<meta property=\"og:image:width\" content=\"1920\" \/>\n\t<meta property=\"og:image:height\" content=\"1080\" \/>\n\t<meta property=\"og:image:type\" content=\"image\/jpeg\" \/>\n<meta name=\"twitter:card\" content=\"summary_large_image\" \/>\n<meta name=\"twitter:site\" content=\"@AtaaRelief\" \/>\n<script type=\"application\/ld+json\" class=\"yoast-schema-graph\">{\"@context\":\"https:\\\/\\\/schema.org\",\"@graph\":[{\"@type\":\"WebPage\",\"@id\":\"https:\\\/\\\/ataarelief.org\\\/tr\\\/kalite-ve-uyumluluk\\\/\",\"url\":\"https:\\\/\\\/ataarelief.org\\\/tr\\\/kalite-ve-uyumluluk\\\/\",\"name\":\"- Kalite ve Uyumluluk\",\"isPartOf\":{\"@id\":\"https:\\\/\\\/ataarelief.org\\\/tr\\\/#website\"},\"primaryImageOfPage\":{\"@id\":\"https:\\\/\\\/ataarelief.org\\\/tr\\\/kalite-ve-uyumluluk\\\/#primaryimage\"},\"image\":{\"@id\":\"https:\\\/\\\/ataarelief.org\\\/tr\\\/kalite-ve-uyumluluk\\\/#primaryimage\"},\"thumbnailUrl\":\"https:\\\/\\\/ataarelief.org\\\/wp-content\\\/uploads\\\/2019\\\/06\\\/s2.avif\",\"datePublished\":\"2022-06-21T08:51:49+00:00\",\"dateModified\":\"2022-06-21T08:51:50+00:00\",\"breadcrumb\":{\"@id\":\"https:\\\/\\\/ataarelief.org\\\/tr\\\/kalite-ve-uyumluluk\\\/#breadcrumb\"},\"inLanguage\":\"tr\",\"potentialAction\":[{\"@type\":\"ReadAction\",\"target\":[\"https:\\\/\\\/ataarelief.org\\\/tr\\\/kalite-ve-uyumluluk\\\/\"]}]},{\"@type\":\"ImageObject\",\"inLanguage\":\"tr\",\"@id\":\"https:\\\/\\\/ataarelief.org\\\/tr\\\/kalite-ve-uyumluluk\\\/#primaryimage\",\"url\":\"https:\\\/\\\/ataarelief.org\\\/wp-content\\\/uploads\\\/2019\\\/06\\\/s2.avif\",\"contentUrl\":\"https:\\\/\\\/ataarelief.org\\\/wp-content\\\/uploads\\\/2019\\\/06\\\/s2.avif\",\"width\":1920,\"height\":1080},{\"@type\":\"BreadcrumbList\",\"@id\":\"https:\\\/\\\/ataarelief.org\\\/tr\\\/kalite-ve-uyumluluk\\\/#breadcrumb\",\"itemListElement\":[{\"@type\":\"ListItem\",\"position\":1,\"name\":\"Home\",\"item\":\"https:\\\/\\\/ataarelief.org\\\/tr\\\/\"},{\"@type\":\"ListItem\",\"position\":2,\"name\":\"Kalite ve Uyumluluk\"}]},{\"@type\":\"WebSite\",\"@id\":\"https:\\\/\\\/ataarelief.org\\\/tr\\\/#website\",\"url\":\"https:\\\/\\\/ataarelief.org\\\/tr\\\/\",\"name\":\"Ataa Relief\",\"description\":\"\",\"publisher\":{\"@id\":\"https:\\\/\\\/ataarelief.org\\\/tr\\\/#organization\"},\"alternateName\":\"Ataa\",\"potentialAction\":[{\"@type\":\"SearchAction\",\"target\":{\"@type\":\"EntryPoint\",\"urlTemplate\":\"https:\\\/\\\/ataarelief.org\\\/tr\\\/?s={search_term_string}\"},\"query-input\":{\"@type\":\"PropertyValueSpecification\",\"valueRequired\":true,\"valueName\":\"search_term_string\"}}],\"inLanguage\":\"tr\"},{\"@type\":\"Organization\",\"@id\":\"https:\\\/\\\/ataarelief.org\\\/tr\\\/#organization\",\"name\":\"Ataa Relief\",\"alternateName\":\"\u062c\u0645\u0639\u064a\u0629 \u0639\u0637\u0627\u0621 \u0644\u0644\u0625\u063a\u0627\u062b\u0629 \u0627\u0644\u0625\u0646\u0633\u0627\u0646\u064a\u0629\",\"url\":\"https:\\\/\\\/ataarelief.org\\\/tr\\\/\",\"logo\":{\"@type\":\"ImageObject\",\"inLanguage\":\"tr\",\"@id\":\"https:\\\/\\\/ataarelief.org\\\/tr\\\/#\\\/schema\\\/logo\\\/image\\\/\",\"url\":\"https:\\\/\\\/ataarelief.org\\\/wp-content\\\/uploads\\\/2020\\\/09\\\/ATAA-logo.svg\",\"contentUrl\":\"https:\\\/\\\/ataarelief.org\\\/wp-content\\\/uploads\\\/2020\\\/09\\\/ATAA-logo.svg\",\"width\":558,\"height\":769,\"caption\":\"Ataa Relief\"},\"image\":{\"@id\":\"https:\\\/\\\/ataarelief.org\\\/tr\\\/#\\\/schema\\\/logo\\\/image\\\/\"},\"sameAs\":[\"https:\\\/\\\/www.facebook.com\\\/AtaaRelief\",\"https:\\\/\\\/x.com\\\/AtaaRelief\",\"https:\\\/\\\/www.instagram.com\\\/ataarelief\\\/\",\"https:\\\/\\\/www.youtube.com\\\/channel\\\/UCiavrRLhS6NbhvyLtRkocuw\",\"https:\\\/\\\/www.linkedin.com\\\/company\\\/ataarelief1\\\/\"],\"description\":\"A non-profit humanitarian organization registered in Turkey. It was established in early 2013 to provide humanitarian relief to the needy and afflicted.\",\"email\":\"info@ataarelief.org\",\"telephone\":\"+902126358904\",\"publishingPrinciples\":\"https:\\\/\\\/ataarelief.org\\\/where-we-work\\\/\",\"ownershipFundingInfo\":\"https:\\\/\\\/ataarelief.org\\\/about-us\\\/\",\"actionableFeedbackPolicy\":\"https:\\\/\\\/ataarelief.org\\\/humanitarian-action-charter\\\/\",\"correctionsPolicy\":\"https:\\\/\\\/ataarelief.org\\\/privacy-policy\\\/\",\"ethicsPolicy\":\"https:\\\/\\\/ataarelief.org\\\/humanitarian-action-charter\\\/\",\"diversityPolicy\":\"https:\\\/\\\/ataarelief.org\\\/terms-of-use\\\/\",\"diversityStaffingReport\":\"https:\\\/\\\/ataarelief.org\\\/join-us\\\/\"}]}<\/script>\n<!-- \/ Yoast SEO Premium plugin. -->","yoast_head_json":{"title":"- Kalite ve Uyumluluk","robots":{"index":"index","follow":"follow","max-snippet":"max-snippet:-1","max-image-preview":"max-image-preview:large","max-video-preview":"max-video-preview:-1"},"canonical":"https:\/\/ataarelief.org\/tr\/kalite-ve-uyumluluk\/","og_locale":"tr_TR","og_type":"article","og_title":"Kalite ve Uyumluluk","og_description":"Faydalan\u0131c\u0131lar\u0131m\u0131z\u0131n ve destek\u00e7ilerimizin memnuniyetini art\u0131rmak i\u00e7in t\u00fcm hizmetlerimizi ve \u00fcr\u00fcnlerimizi y\u00f6neten bir dizi kalite standard\u0131na ve \u015fart\u0131na ba\u011fl\u0131y\u0131z.\u00a0","og_url":"https:\/\/ataarelief.org\/tr\/kalite-ve-uyumluluk\/","og_site_name":"ATAA RELIEF","article_publisher":"https:\/\/www.facebook.com\/AtaaRelief","article_modified_time":"2022-06-21T08:51:50+00:00","og_image":[{"width":1920,"height":1080,"url":"https:\/\/ataarelief.org\/wp-content\/uploads\/2019\/06\/s2.jpg","type":"image\/jpeg"}],"twitter_card":"summary_large_image","twitter_site":"@AtaaRelief","schema":{"@context":"https:\/\/schema.org","@graph":[{"@type":"WebPage","@id":"https:\/\/ataarelief.org\/tr\/kalite-ve-uyumluluk\/","url":"https:\/\/ataarelief.org\/tr\/kalite-ve-uyumluluk\/","name":"- Kalite ve Uyumluluk","isPartOf":{"@id":"https:\/\/ataarelief.org\/tr\/#website"},"primaryImageOfPage":{"@id":"https:\/\/ataarelief.org\/tr\/kalite-ve-uyumluluk\/#primaryimage"},"image":{"@id":"https:\/\/ataarelief.org\/tr\/kalite-ve-uyumluluk\/#primaryimage"},"thumbnailUrl":"https:\/\/ataarelief.org\/wp-content\/uploads\/2019\/06\/s2.avif","datePublished":"2022-06-21T08:51:49+00:00","dateModified":"2022-06-21T08:51:50+00:00","breadcrumb":{"@id":"https:\/\/ataarelief.org\/tr\/kalite-ve-uyumluluk\/#breadcrumb"},"inLanguage":"tr","potentialAction":[{"@type":"ReadAction","target":["https:\/\/ataarelief.org\/tr\/kalite-ve-uyumluluk\/"]}]},{"@type":"ImageObject","inLanguage":"tr","@id":"https:\/\/ataarelief.org\/tr\/kalite-ve-uyumluluk\/#primaryimage","url":"https:\/\/ataarelief.org\/wp-content\/uploads\/2019\/06\/s2.avif","contentUrl":"https:\/\/ataarelief.org\/wp-content\/uploads\/2019\/06\/s2.avif","width":1920,"height":1080},{"@type":"BreadcrumbList","@id":"https:\/\/ataarelief.org\/tr\/kalite-ve-uyumluluk\/#breadcrumb","itemListElement":[{"@type":"ListItem","position":1,"name":"Home","item":"https:\/\/ataarelief.org\/tr\/"},{"@type":"ListItem","position":2,"name":"Kalite ve Uyumluluk"}]},{"@type":"WebSite","@id":"https:\/\/ataarelief.org\/tr\/#website","url":"https:\/\/ataarelief.org\/tr\/","name":"Ataa Relief","description":"","publisher":{"@id":"https:\/\/ataarelief.org\/tr\/#organization"},"alternateName":"Ataa","potentialAction":[{"@type":"SearchAction","target":{"@type":"EntryPoint","urlTemplate":"https:\/\/ataarelief.org\/tr\/?s={search_term_string}"},"query-input":{"@type":"PropertyValueSpecification","valueRequired":true,"valueName":"search_term_string"}}],"inLanguage":"tr"},{"@type":"Organization","@id":"https:\/\/ataarelief.org\/tr\/#organization","name":"Ataa Relief","alternateName":"\u062c\u0645\u0639\u064a\u0629 \u0639\u0637\u0627\u0621 \u0644\u0644\u0625\u063a\u0627\u062b\u0629 \u0627\u0644\u0625\u0646\u0633\u0627\u0646\u064a\u0629","url":"https:\/\/ataarelief.org\/tr\/","logo":{"@type":"ImageObject","inLanguage":"tr","@id":"https:\/\/ataarelief.org\/tr\/#\/schema\/logo\/image\/","url":"https:\/\/ataarelief.org\/wp-content\/uploads\/2020\/09\/ATAA-logo.svg","contentUrl":"https:\/\/ataarelief.org\/wp-content\/uploads\/2020\/09\/ATAA-logo.svg","width":558,"height":769,"caption":"Ataa Relief"},"image":{"@id":"https:\/\/ataarelief.org\/tr\/#\/schema\/logo\/image\/"},"sameAs":["https:\/\/www.facebook.com\/AtaaRelief","https:\/\/x.com\/AtaaRelief","https:\/\/www.instagram.com\/ataarelief\/","https:\/\/www.youtube.com\/channel\/UCiavrRLhS6NbhvyLtRkocuw","https:\/\/www.linkedin.com\/company\/ataarelief1\/"],"description":"A non-profit humanitarian organization registered in Turkey. It was established in early 2013 to provide humanitarian relief to the needy and afflicted.","email":"info@ataarelief.org","telephone":"+902126358904","publishingPrinciples":"https:\/\/ataarelief.org\/where-we-work\/","ownershipFundingInfo":"https:\/\/ataarelief.org\/about-us\/","actionableFeedbackPolicy":"https:\/\/ataarelief.org\/humanitarian-action-charter\/","correctionsPolicy":"https:\/\/ataarelief.org\/privacy-policy\/","ethicsPolicy":"https:\/\/ataarelief.org\/humanitarian-action-charter\/","diversityPolicy":"https:\/\/ataarelief.org\/terms-of-use\/","diversityStaffingReport":"https:\/\/ataarelief.org\/join-us\/"}]}},"_links":{"self":[{"href":"https:\/\/ataarelief.org\/tr\/wp-json\/wp\/v2\/pages\/16567","targetHints":{"allow":["GET"]}}],"collection":[{"href":"https:\/\/ataarelief.org\/tr\/wp-json\/wp\/v2\/pages"}],"about":[{"href":"https:\/\/ataarelief.org\/tr\/wp-json\/wp\/v2\/types\/page"}],"author":[{"embeddable":true,"href":"https:\/\/ataarelief.org\/tr\/wp-json\/wp\/v2\/users\/8"}],"replies":[{"embeddable":true,"href":"https:\/\/ataarelief.org\/tr\/wp-json\/wp\/v2\/comments?post=16567"}],"version-history":[{"count":0,"href":"https:\/\/ataarelief.org\/tr\/wp-json\/wp\/v2\/pages\/16567\/revisions"}],"wp:featuredmedia":[{"embeddable":true,"href":"https:\/\/ataarelief.org\/tr\/wp-json\/wp\/v2\/media\/6989"}],"wp:attachment":[{"href":"https:\/\/ataarelief.org\/tr\/wp-json\/wp\/v2\/media?parent=16567"}],"curies":[{"name":"wp","href":"https:\/\/api.w.org\/{rel}","templated":true}]}}