{"id":12315,"date":"2021-09-30T14:29:25","date_gmt":"2021-09-30T11:29:25","guid":{"rendered":"https:\/\/ataa.kuarkz.com\/iletisim-bilgileri\/"},"modified":"2022-10-06T15:20:44","modified_gmt":"2022-10-06T12:20:44","slug":"iletisim-bilgileri","status":"publish","type":"page","link":"https:\/\/ataarelief.org\/tr\/iletisim-bilgileri\/","title":{"rendered":"\u0130leti\u015fim Bilgileri"},"content":{"rendered":"\t\t<div data-elementor-type=\"wp-page\" data-elementor-id=\"12315\" class=\"elementor elementor-12315 elementor-12018\" data-elementor-post-type=\"page\">\n\t\t\t\t\t\t<section class=\"elementor-section elementor-top-section elementor-element elementor-element-cae42f6 elementor-section-boxed elementor-section-height-default elementor-section-height-default\" data-id=\"cae42f6\" data-element_type=\"section\">\n\t\t\t\t\t\t<div class=\"elementor-container elementor-column-gap-default\">\n\t\t\t\t\t<div class=\"elementor-column elementor-col-100 elementor-top-column elementor-element elementor-element-020b1df\" data-id=\"020b1df\" data-element_type=\"column\">\n\t\t\t<div class=\"elementor-widget-wrap elementor-element-populated\">\n\t\t\t\t\t\t<div class=\"elementor-element elementor-element-4262979 elementor-widget elementor-widget-heading\" data-id=\"4262979\" data-element_type=\"widget\" data-widget_type=\"heading.default\">\n\t\t\t\t<div class=\"elementor-widget-container\">\n\t\t\t<h4 class=\"elementor-heading-title elementor-size-default\">Size nas\u0131l yard\u0131mc\u0131 olabiliriz <\/h4>\t\t<\/div>\n\t\t\t\t<\/div>\n\t\t\t\t<div class=\"elementor-element elementor-element-5c3765f elementor-widget elementor-widget-text-editor\" data-id=\"5c3765f\" data-element_type=\"widget\" data-widget_type=\"text-editor.default\">\n\t\t\t\t<div class=\"elementor-widget-container\">\n\t\t\t\t\t\t\t<span data-contrast=\"auto\" xml:lang=\"EN-US\" lang=\"EN-US\" class=\"TextRun SCXW202719874 BCX8\"><span class=\"SpellingError SCXW202719874 BCX8\">Herhangi<\/span><span class=\"NormalTextRun SCXW202719874 BCX8\"> <\/span><span class=\"SpellingError SCXW202719874 BCX8\">bir<\/span><span class=\"NormalTextRun SCXW202719874 BCX8\"> <\/span><span class=\"SpellingError SCXW202719874 BCX8\">sorunuz<\/span><span class=\"NormalTextRun SCXW202719874 BCX8\"> <\/span><span class=\"SpellingError SCXW202719874 BCX8\">veya<\/span><span class=\"NormalTextRun SCXW202719874 BCX8\"> <\/span><span class=\"SpellingError SCXW202719874 BCX8\">talebiniz<\/span><span class=\"NormalTextRun SCXW202719874 BCX8\"> <\/span><span class=\"SpellingError SCXW202719874 BCX8\">varsa<\/span><span class=\"NormalTextRun SCXW202719874 BCX8\">, bize <\/span><span class=\"SpellingError SCXW202719874 BCX8\">do\u011frudan<\/span><span class=\"NormalTextRun SCXW202719874 BCX8\"> <\/span><span class=\"SpellingError SCXW202719874 BCX8\">yazabilir<\/span><span class=\"NormalTextRun SCXW202719874 BCX8\"> <\/span><span class=\"SpellingError SCXW202719874 BCX8\">veya<\/span><span class=\"NormalTextRun SCXW202719874 BCX8\"> <\/span><span class=\"SpellingError SCXW202719874 BCX8\">a\u015fa\u011f\u0131daki<\/span><span class=\"NormalTextRun SCXW202719874 BCX8\"> <\/span><span class=\"SpellingError SCXW202719874 BCX8\">numaralara<\/span><span class=\"NormalTextRun SCXW202719874 BCX8\"> <\/span><span class=\"SpellingError SCXW202719874 BCX8\">veya<\/span><span class=\"NormalTextRun SCXW202719874 BCX8\"> e-<\/span><span class=\"SpellingError SCXW202719874 BCX8\">posta<\/span><span class=\"NormalTextRun SCXW202719874 BCX8\"> <\/span><span class=\"SpellingError SCXW202719874 BCX8\">adresine<\/span><span class=\"NormalTextRun SCXW202719874 BCX8\"> <\/span><span class=\"SpellingError SCXW202719874 BCX8\">mesaj<\/span><span class=\"NormalTextRun SCXW202719874 BCX8\"> <\/span><span class=\"SpellingError SCXW202719874 BCX8\">g\u00f6nderebilirsiniz<\/span><span class=\"NormalTextRun SCXW202719874 BCX8\">.<\/span><\/span><span class=\"EOP SCXW202719874 BCX8\" data-ccp-props=\"{&quot;201341983&quot;:0,&quot;335559740&quot;:259}\">\u00a0<\/span>\t\t\t\t\t\t<\/div>\n\t\t\t\t<\/div>\n\t\t\t\t\t<\/div>\n\t\t<\/div>\n\t\t\t\t\t<\/div>\n\t\t<\/section>\n\t\t\t\t<section class=\"elementor-section elementor-top-section elementor-element elementor-element-a51926c elementor-section-boxed elementor-section-height-default elementor-section-height-default\" data-id=\"a51926c\" data-element_type=\"section\">\n\t\t\t\t\t\t<div class=\"elementor-container elementor-column-gap-default\">\n\t\t\t\t\t<div class=\"elementor-column elementor-col-50 elementor-top-column elementor-element elementor-element-9f702cd\" data-id=\"9f702cd\" data-element_type=\"column\">\n\t\t\t<div class=\"elementor-widget-wrap elementor-element-populated\">\n\t\t\t\t\t\t<div class=\"elementor-element elementor-element-ce6750c elementor-icon-list--layout-inline elementor-align-center elementor-list-item-link-full_width elementor-widget elementor-widget-icon-list\" data-id=\"ce6750c\" data-element_type=\"widget\" data-widget_type=\"icon-list.default\">\n\t\t\t\t<div class=\"elementor-widget-container\">\n\t\t\t\t\t<ul class=\"elementor-icon-list-items elementor-inline-items\">\n\t\t\t\t\t\t\t<li class=\"elementor-icon-list-item elementor-inline-item\">\n\t\t\t\t\t\t\t\t\t\t\t<a href=\"tel:+902125312934\">\n\n\t\t\t\t\t\t\t\t\t\t\t\t<span class=\"elementor-icon-list-icon\">\n\t\t\t\t\t\t\t<svg aria-hidden=\"true\" class=\"e-font-icon-svg e-fas-phone\" viewBox=\"0 0 512 512\" xmlns=\"http:\/\/www.w3.org\/2000\/svg\"><path d=\"M493.4 24.6l-104-24c-11.3-2.6-22.9 3.3-27.5 13.9l-48 112c-4.2 9.8-1.4 21.3 6.9 28l60.6 49.6c-36 76.7-98.9 140.5-177.2 177.2l-49.6-60.6c-6.8-8.3-18.2-11.1-28-6.9l-112 48C3.9 366.5-2 378.1.6 389.4l24 104C27.1 504.2 36.7 512 48 512c256.1 0 464-207.5 464-464 0-11.2-7.7-20.9-18.6-23.4z\"><\/path><\/svg>\t\t\t\t\t\t<\/span>\n\t\t\t\t\t\t\t\t\t\t<span class=\"elementor-icon-list-text\">+902125312934<\/span>\n\t\t\t\t\t\t\t\t\t\t\t<\/a>\n\t\t\t\t\t\t\t\t\t<\/li>\n\t\t\t\t\t\t\t\t<li class=\"elementor-icon-list-item elementor-inline-item\">\n\t\t\t\t\t\t\t\t\t\t\t<a href=\"tel:+902126358904\">\n\n\t\t\t\t\t\t\t\t\t\t\t\t<span class=\"elementor-icon-list-icon\">\n\t\t\t\t\t\t\t<svg aria-hidden=\"true\" class=\"e-font-icon-svg e-fas-fax\" viewBox=\"0 0 512 512\" xmlns=\"http:\/\/www.w3.org\/2000\/svg\"><path d=\"M480 160V77.25a32 32 0 0 0-9.38-22.63L425.37 9.37A32 32 0 0 0 402.75 0H160a32 32 0 0 0-32 32v448a32 32 0 0 0 32 32h320a32 32 0 0 0 32-32V192a32 32 0 0 0-32-32zM288 432a16 16 0 0 1-16 16h-32a16 16 0 0 1-16-16v-32a16 16 0 0 1 16-16h32a16 16 0 0 1 16 16zm0-128a16 16 0 0 1-16 16h-32a16 16 0 0 1-16-16v-32a16 16 0 0 1 16-16h32a16 16 0 0 1 16 16zm128 128a16 16 0 0 1-16 16h-32a16 16 0 0 1-16-16v-32a16 16 0 0 1 16-16h32a16 16 0 0 1 16 16zm0-128a16 16 0 0 1-16 16h-32a16 16 0 0 1-16-16v-32a16 16 0 0 1 16-16h32a16 16 0 0 1 16 16zm0-112H192V64h160v48a16 16 0 0 0 16 16h48zM64 128H32a32 32 0 0 0-32 32v320a32 32 0 0 0 32 32h32a32 32 0 0 0 32-32V160a32 32 0 0 0-32-32z\"><\/path><\/svg>\t\t\t\t\t\t<\/span>\n\t\t\t\t\t\t\t\t\t\t<span class=\"elementor-icon-list-text\">+902126358904<\/span>\n\t\t\t\t\t\t\t\t\t\t\t<\/a>\n\t\t\t\t\t\t\t\t\t<\/li>\n\t\t\t\t\t\t\t\t<li class=\"elementor-icon-list-item elementor-inline-item\">\n\t\t\t\t\t\t\t\t\t\t\t<a href=\"mailto:info@ataarelief.org\">\n\n\t\t\t\t\t\t\t\t\t\t\t\t<span class=\"elementor-icon-list-icon\">\n\t\t\t\t\t\t\t<i aria-hidden=\"true\" class=\"flaticon flaticon-email\"><\/i>\t\t\t\t\t\t<\/span>\n\t\t\t\t\t\t\t\t\t\t<span class=\"elementor-icon-list-text\">info@ataarelief.org<\/span>\n\t\t\t\t\t\t\t\t\t\t\t<\/a>\n\t\t\t\t\t\t\t\t\t<\/li>\n\t\t\t\t\t\t<\/ul>\n\t\t\t\t<\/div>\n\t\t\t\t<\/div>\n\t\t\t\t<div class=\"elementor-element elementor-element-879b464 elementor-widget elementor-widget-wpforms\" data-id=\"879b464\" data-element_type=\"widget\" data-widget_type=\"wpforms.default\">\n\t\t\t\t<div class=\"elementor-widget-container\">\n\t\t\t<div class=\"wpforms-container wpforms-container-full\" id=\"wpforms-17347\"><form id=\"wpforms-form-17347\" class=\"wpforms-validate wpforms-form wpforms-ajax-form\" data-formid=\"17347\" method=\"post\" enctype=\"multipart\/form-data\" action=\"\/tr\/wp-json\/wp\/v2\/pages\/12315\" data-token=\"36ce2cc24c2f4702ebb720ff2e5da26b\" data-token-time=\"1776357233\"><noscript class=\"wpforms-error-noscript\">Bu formu bitirebilmek i\u00e7in taray\u0131c\u0131n\u0131zda JavaScript&#039;i etkinle\u015ftirin.<\/noscript><div class=\"wpforms-field-container\"><div id=\"wpforms-17347-field_0-container\" class=\"wpforms-field wpforms-field-name\" data-field-id=\"0\"><label class=\"wpforms-field-label\" for=\"wpforms-17347-field_0\">Ad\u0131 &amp; Soyad\u0131 <span class=\"wpforms-required-label\">*<\/span><\/label><input type=\"text\" id=\"wpforms-17347-field_0\" class=\"wpforms-field-medium wpforms-field-required\" name=\"wpforms[fields][0]\" required><\/div><div id=\"wpforms-17347-field_1-container\" class=\"wpforms-field wpforms-field-email\" data-field-id=\"1\"><label class=\"wpforms-field-label\" for=\"wpforms-17347-field_1\">Email<\/label><input type=\"email\" id=\"wpforms-17347-field_1\" class=\"wpforms-field-medium\" name=\"wpforms[fields][1]\" spellcheck=\"false\" ><\/div><div id=\"wpforms-17347-field_3-container\" class=\"wpforms-field wpforms-field-phone\" data-field-id=\"3\"><label class=\"wpforms-field-label\" for=\"wpforms-17347-field_3\">Cep telefon <span class=\"wpforms-required-label\">*<\/span><\/label><input type=\"tel\" id=\"wpforms-17347-field_3\" class=\"wpforms-field-medium wpforms-field-required wpforms-smart-phone-field\" data-rule-smart-phone-field=\"true\" name=\"wpforms[fields][3]\" aria-label=\"Cep telefon\" required><\/div><div id=\"wpforms-17347-field_4-container\" class=\"wpforms-field wpforms-field-text\" data-field-id=\"4\"><label class=\"wpforms-field-label\" for=\"wpforms-17347-field_4\">konu <span class=\"wpforms-required-label\">*<\/span><\/label><input type=\"text\" id=\"wpforms-17347-field_4\" class=\"wpforms-field-medium wpforms-field-required\" name=\"wpforms[fields][4]\" required><\/div><div id=\"wpforms-17347-field_2-container\" class=\"wpforms-field wpforms-field-textarea\" data-field-id=\"2\"><label class=\"wpforms-field-label\" for=\"wpforms-17347-field_2\">masaj <span class=\"wpforms-required-label\">*<\/span><\/label><textarea id=\"wpforms-17347-field_2\" class=\"wpforms-field-medium wpforms-field-required\" name=\"wpforms[fields][2]\" required><\/textarea><\/div><\/div><!-- .wpforms-field-container --><div class=\"wpforms-submit-container\" ><input type=\"hidden\" name=\"wpforms[id]\" value=\"17347\"><input type=\"hidden\" name=\"page_title\" value=\"\"><input type=\"hidden\" name=\"page_url\" value=\"https:\/\/ataarelief.org\/tr\/wp-json\/wp\/v2\/pages\/12315\"><input type=\"hidden\" name=\"url_referer\" value=\"\"><button type=\"submit\" name=\"wpforms[submit]\" id=\"wpforms-submit-17347\" class=\"wpforms-submit\" data-alt-text=\"g\u00f6nderiliyor...\" data-submit-text=\"G\u00f6nder\" aria-live=\"assertive\" value=\"wpforms-submit\">G\u00f6nder<\/button><img decoding=\"async\" src=\"https:\/\/ataarelief.org\/wp-content\/plugins\/wpforms\/assets\/images\/submit-spin.svg\" class=\"wpforms-submit-spinner\" style=\"display: none;\" width=\"26\" height=\"26\" alt=\"Y\u00fckleniyor\"><\/div><\/form><\/div>  <!-- .wpforms-container -->\t\t<\/div>\n\t\t\t\t<\/div>\n\t\t\t\t\t<\/div>\n\t\t<\/div>\n\t\t\t\t<div class=\"elementor-column elementor-col-50 elementor-top-column elementor-element elementor-element-fadca58\" data-id=\"fadca58\" data-element_type=\"column\">\n\t\t\t<div class=\"elementor-widget-wrap elementor-element-populated\">\n\t\t\t\t\t\t<div class=\"elementor-element elementor-element-34b17c6 elementor-widget elementor-widget-google_maps\" data-id=\"34b17c6\" data-element_type=\"widget\" data-widget_type=\"google_maps.default\">\n\t\t\t\t<div class=\"elementor-widget-container\">\n\t\t\t\t\t<div class=\"elementor-custom-embed\">\n\t\t\t<iframe loading=\"lazy\"\n\t\t\t\t\tsrc=\"https:\/\/maps.google.com\/maps?q=%D8%AC%D9%85%D8%B9%D9%8A%D8%A9%20%D8%B9%D8%B7%D8%A7%D8%A1%20%D9%84%D9%84%D8%A5%D8%BA%D8%A7%D8%AB%D8%A9%20%D8%A7%D9%84%D8%A5%D9%86%D8%B3%D8%A7%D9%86%D9%8A%D8%A9%20-%20Ataa%20%C4%B0nsani%20Yard%C4%B1mla%C5%9Fma%20Derne%C4%9Fi%E2%80%AD&#038;t=m&#038;z=8&#038;output=embed&#038;iwloc=near\"\n\t\t\t\t\ttitle=\"\u062c\u0645\u0639\u064a\u0629 \u0639\u0637\u0627\u0621 \u0644\u0644\u0625\u063a\u0627\u062b\u0629 \u0627\u0644\u0625\u0646\u0633\u0627\u0646\u064a\u0629 - Ataa \u0130nsani Yard\u0131mla\u015fma Derne\u011fi\u202d\"\n\t\t\t\t\taria-label=\"\u062c\u0645\u0639\u064a\u0629 \u0639\u0637\u0627\u0621 \u0644\u0644\u0625\u063a\u0627\u062b\u0629 \u0627\u0644\u0625\u0646\u0633\u0627\u0646\u064a\u0629 - Ataa \u0130nsani Yard\u0131mla\u015fma Derne\u011fi\u202d\"\n\t\t\t><\/iframe>\n\t\t<\/div>\n\t\t\t\t<\/div>\n\t\t\t\t<\/div>\n\t\t\t\t\t<\/div>\n\t\t<\/div>\n\t\t\t\t\t<\/div>\n\t\t<\/section>\n\t\t\t\t<\/div>\n\t\t","protected":false},"excerpt":{"rendered":"<p>Size nas\u0131l yard\u0131mc\u0131 olabiliriz Herhangi bir sorunuz veya talebiniz varsa, bize do\u011frudan yazabilir veya a\u015fa\u011f\u0131daki numaralara veya e-posta adresine mesaj g\u00f6nderebilirsiniz.\u00a0 +902125312934 +902126358904 info@ataarelief.org<\/p>\n","protected":false},"author":8,"featured_media":0,"parent":0,"menu_order":0,"comment_status":"closed","ping_status":"closed","template":"","meta":{"footnotes":""},"class_list":["post-12315","page","type-page","status-publish","hentry"],"yoast_head":"<!-- This site is optimized with the Yoast SEO Premium plugin v26.1 (Yoast SEO v27.4) - https:\/\/yoast.com\/product\/yoast-seo-premium-wordpress\/ -->\n<title>- \u0130leti\u015fim Bilgileri<\/title>\n<meta name=\"robots\" content=\"index, follow, max-snippet:-1, max-image-preview:large, max-video-preview:-1\" \/>\n<link rel=\"canonical\" href=\"https:\/\/ataarelief.org\/tr\/iletisim-bilgileri\/\" \/>\n<meta property=\"og:locale\" content=\"tr_TR\" \/>\n<meta property=\"og:type\" content=\"article\" \/>\n<meta property=\"og:title\" content=\"\u0130leti\u015fim Bilgileri\" \/>\n<meta property=\"og:description\" content=\"Size nas\u0131l yard\u0131mc\u0131 olabiliriz Herhangi bir sorunuz veya talebiniz varsa, bize do\u011frudan yazabilir veya a\u015fa\u011f\u0131daki numaralara veya e-posta adresine mesaj g\u00f6nderebilirsiniz.\u00a0 +902125312934 +902126358904 info@ataarelief.org\" \/>\n<meta property=\"og:url\" content=\"https:\/\/ataarelief.org\/tr\/iletisim-bilgileri\/\" \/>\n<meta property=\"og:site_name\" content=\"ATAA RELIEF\" \/>\n<meta property=\"article:publisher\" content=\"https:\/\/www.facebook.com\/AtaaRelief\" \/>\n<meta property=\"article:modified_time\" content=\"2022-10-06T12:20:44+00:00\" \/>\n<meta property=\"og:image\" content=\"https:\/\/ataarelief.org\/wp-content\/uploads\/2022\/04\/11.jpg\" \/>\n\t<meta property=\"og:image:width\" content=\"1528\" \/>\n\t<meta property=\"og:image:height\" content=\"400\" \/>\n\t<meta property=\"og:image:type\" content=\"image\/jpeg\" \/>\n<meta name=\"twitter:card\" content=\"summary_large_image\" \/>\n<meta name=\"twitter:site\" content=\"@AtaaRelief\" \/>\n<script type=\"application\/ld+json\" class=\"yoast-schema-graph\">{\"@context\":\"https:\\\/\\\/schema.org\",\"@graph\":[{\"@type\":\"WebPage\",\"@id\":\"https:\\\/\\\/ataarelief.org\\\/tr\\\/iletisim-bilgileri\\\/\",\"url\":\"https:\\\/\\\/ataarelief.org\\\/tr\\\/iletisim-bilgileri\\\/\",\"name\":\"- \u0130leti\u015fim Bilgileri\",\"isPartOf\":{\"@id\":\"https:\\\/\\\/ataarelief.org\\\/tr\\\/#website\"},\"datePublished\":\"2021-09-30T11:29:25+00:00\",\"dateModified\":\"2022-10-06T12:20:44+00:00\",\"breadcrumb\":{\"@id\":\"https:\\\/\\\/ataarelief.org\\\/tr\\\/iletisim-bilgileri\\\/#breadcrumb\"},\"inLanguage\":\"tr\",\"potentialAction\":[{\"@type\":\"ReadAction\",\"target\":[\"https:\\\/\\\/ataarelief.org\\\/tr\\\/iletisim-bilgileri\\\/\"]}]},{\"@type\":\"BreadcrumbList\",\"@id\":\"https:\\\/\\\/ataarelief.org\\\/tr\\\/iletisim-bilgileri\\\/#breadcrumb\",\"itemListElement\":[{\"@type\":\"ListItem\",\"position\":1,\"name\":\"Home\",\"item\":\"https:\\\/\\\/ataarelief.org\\\/tr\\\/\"},{\"@type\":\"ListItem\",\"position\":2,\"name\":\"\u0130leti\u015fim Bilgileri\"}]},{\"@type\":\"WebSite\",\"@id\":\"https:\\\/\\\/ataarelief.org\\\/tr\\\/#website\",\"url\":\"https:\\\/\\\/ataarelief.org\\\/tr\\\/\",\"name\":\"Ataa Relief\",\"description\":\"\",\"publisher\":{\"@id\":\"https:\\\/\\\/ataarelief.org\\\/tr\\\/#organization\"},\"alternateName\":\"Ataa\",\"potentialAction\":[{\"@type\":\"SearchAction\",\"target\":{\"@type\":\"EntryPoint\",\"urlTemplate\":\"https:\\\/\\\/ataarelief.org\\\/tr\\\/?s={search_term_string}\"},\"query-input\":{\"@type\":\"PropertyValueSpecification\",\"valueRequired\":true,\"valueName\":\"search_term_string\"}}],\"inLanguage\":\"tr\"},{\"@type\":\"Organization\",\"@id\":\"https:\\\/\\\/ataarelief.org\\\/tr\\\/#organization\",\"name\":\"Ataa Relief\",\"alternateName\":\"\u062c\u0645\u0639\u064a\u0629 \u0639\u0637\u0627\u0621 \u0644\u0644\u0625\u063a\u0627\u062b\u0629 \u0627\u0644\u0625\u0646\u0633\u0627\u0646\u064a\u0629\",\"url\":\"https:\\\/\\\/ataarelief.org\\\/tr\\\/\",\"logo\":{\"@type\":\"ImageObject\",\"inLanguage\":\"tr\",\"@id\":\"https:\\\/\\\/ataarelief.org\\\/tr\\\/#\\\/schema\\\/logo\\\/image\\\/\",\"url\":\"https:\\\/\\\/ataarelief.org\\\/wp-content\\\/uploads\\\/2020\\\/09\\\/ATAA-logo.svg\",\"contentUrl\":\"https:\\\/\\\/ataarelief.org\\\/wp-content\\\/uploads\\\/2020\\\/09\\\/ATAA-logo.svg\",\"width\":558,\"height\":769,\"caption\":\"Ataa Relief\"},\"image\":{\"@id\":\"https:\\\/\\\/ataarelief.org\\\/tr\\\/#\\\/schema\\\/logo\\\/image\\\/\"},\"sameAs\":[\"https:\\\/\\\/www.facebook.com\\\/AtaaRelief\",\"https:\\\/\\\/x.com\\\/AtaaRelief\",\"https:\\\/\\\/www.instagram.com\\\/ataarelief\\\/\",\"https:\\\/\\\/www.youtube.com\\\/channel\\\/UCiavrRLhS6NbhvyLtRkocuw\",\"https:\\\/\\\/www.linkedin.com\\\/company\\\/ataarelief1\\\/\"],\"description\":\"A non-profit humanitarian organization registered in Turkey. It was established in early 2013 to provide humanitarian relief to the needy and afflicted.\",\"email\":\"info@ataarelief.org\",\"telephone\":\"+902126358904\",\"publishingPrinciples\":\"https:\\\/\\\/ataarelief.org\\\/where-we-work\\\/\",\"ownershipFundingInfo\":\"https:\\\/\\\/ataarelief.org\\\/about-us\\\/\",\"actionableFeedbackPolicy\":\"https:\\\/\\\/ataarelief.org\\\/humanitarian-action-charter\\\/\",\"correctionsPolicy\":\"https:\\\/\\\/ataarelief.org\\\/privacy-policy\\\/\",\"ethicsPolicy\":\"https:\\\/\\\/ataarelief.org\\\/humanitarian-action-charter\\\/\",\"diversityPolicy\":\"https:\\\/\\\/ataarelief.org\\\/terms-of-use\\\/\",\"diversityStaffingReport\":\"https:\\\/\\\/ataarelief.org\\\/join-us\\\/\"}]}<\/script>\n<!-- \/ Yoast SEO Premium plugin. -->","yoast_head_json":{"title":"- \u0130leti\u015fim Bilgileri","robots":{"index":"index","follow":"follow","max-snippet":"max-snippet:-1","max-image-preview":"max-image-preview:large","max-video-preview":"max-video-preview:-1"},"canonical":"https:\/\/ataarelief.org\/tr\/iletisim-bilgileri\/","og_locale":"tr_TR","og_type":"article","og_title":"\u0130leti\u015fim Bilgileri","og_description":"Size nas\u0131l yard\u0131mc\u0131 olabiliriz Herhangi bir sorunuz veya talebiniz varsa, bize do\u011frudan yazabilir veya a\u015fa\u011f\u0131daki numaralara veya e-posta adresine mesaj g\u00f6nderebilirsiniz.\u00a0 +902125312934 +902126358904 info@ataarelief.org","og_url":"https:\/\/ataarelief.org\/tr\/iletisim-bilgileri\/","og_site_name":"ATAA RELIEF","article_publisher":"https:\/\/www.facebook.com\/AtaaRelief","article_modified_time":"2022-10-06T12:20:44+00:00","og_image":[{"width":1528,"height":400,"url":"https:\/\/ataarelief.org\/wp-content\/uploads\/2022\/04\/11.jpg","type":"image\/jpeg"}],"twitter_card":"summary_large_image","twitter_site":"@AtaaRelief","schema":{"@context":"https:\/\/schema.org","@graph":[{"@type":"WebPage","@id":"https:\/\/ataarelief.org\/tr\/iletisim-bilgileri\/","url":"https:\/\/ataarelief.org\/tr\/iletisim-bilgileri\/","name":"- \u0130leti\u015fim Bilgileri","isPartOf":{"@id":"https:\/\/ataarelief.org\/tr\/#website"},"datePublished":"2021-09-30T11:29:25+00:00","dateModified":"2022-10-06T12:20:44+00:00","breadcrumb":{"@id":"https:\/\/ataarelief.org\/tr\/iletisim-bilgileri\/#breadcrumb"},"inLanguage":"tr","potentialAction":[{"@type":"ReadAction","target":["https:\/\/ataarelief.org\/tr\/iletisim-bilgileri\/"]}]},{"@type":"BreadcrumbList","@id":"https:\/\/ataarelief.org\/tr\/iletisim-bilgileri\/#breadcrumb","itemListElement":[{"@type":"ListItem","position":1,"name":"Home","item":"https:\/\/ataarelief.org\/tr\/"},{"@type":"ListItem","position":2,"name":"\u0130leti\u015fim Bilgileri"}]},{"@type":"WebSite","@id":"https:\/\/ataarelief.org\/tr\/#website","url":"https:\/\/ataarelief.org\/tr\/","name":"Ataa Relief","description":"","publisher":{"@id":"https:\/\/ataarelief.org\/tr\/#organization"},"alternateName":"Ataa","potentialAction":[{"@type":"SearchAction","target":{"@type":"EntryPoint","urlTemplate":"https:\/\/ataarelief.org\/tr\/?s={search_term_string}"},"query-input":{"@type":"PropertyValueSpecification","valueRequired":true,"valueName":"search_term_string"}}],"inLanguage":"tr"},{"@type":"Organization","@id":"https:\/\/ataarelief.org\/tr\/#organization","name":"Ataa Relief","alternateName":"\u062c\u0645\u0639\u064a\u0629 \u0639\u0637\u0627\u0621 \u0644\u0644\u0625\u063a\u0627\u062b\u0629 \u0627\u0644\u0625\u0646\u0633\u0627\u0646\u064a\u0629","url":"https:\/\/ataarelief.org\/tr\/","logo":{"@type":"ImageObject","inLanguage":"tr","@id":"https:\/\/ataarelief.org\/tr\/#\/schema\/logo\/image\/","url":"https:\/\/ataarelief.org\/wp-content\/uploads\/2020\/09\/ATAA-logo.svg","contentUrl":"https:\/\/ataarelief.org\/wp-content\/uploads\/2020\/09\/ATAA-logo.svg","width":558,"height":769,"caption":"Ataa Relief"},"image":{"@id":"https:\/\/ataarelief.org\/tr\/#\/schema\/logo\/image\/"},"sameAs":["https:\/\/www.facebook.com\/AtaaRelief","https:\/\/x.com\/AtaaRelief","https:\/\/www.instagram.com\/ataarelief\/","https:\/\/www.youtube.com\/channel\/UCiavrRLhS6NbhvyLtRkocuw","https:\/\/www.linkedin.com\/company\/ataarelief1\/"],"description":"A non-profit humanitarian organization registered in Turkey. It was established in early 2013 to provide humanitarian relief to the needy and afflicted.","email":"info@ataarelief.org","telephone":"+902126358904","publishingPrinciples":"https:\/\/ataarelief.org\/where-we-work\/","ownershipFundingInfo":"https:\/\/ataarelief.org\/about-us\/","actionableFeedbackPolicy":"https:\/\/ataarelief.org\/humanitarian-action-charter\/","correctionsPolicy":"https:\/\/ataarelief.org\/privacy-policy\/","ethicsPolicy":"https:\/\/ataarelief.org\/humanitarian-action-charter\/","diversityPolicy":"https:\/\/ataarelief.org\/terms-of-use\/","diversityStaffingReport":"https:\/\/ataarelief.org\/join-us\/"}]}},"_links":{"self":[{"href":"https:\/\/ataarelief.org\/tr\/wp-json\/wp\/v2\/pages\/12315","targetHints":{"allow":["GET"]}}],"collection":[{"href":"https:\/\/ataarelief.org\/tr\/wp-json\/wp\/v2\/pages"}],"about":[{"href":"https:\/\/ataarelief.org\/tr\/wp-json\/wp\/v2\/types\/page"}],"author":[{"embeddable":true,"href":"https:\/\/ataarelief.org\/tr\/wp-json\/wp\/v2\/users\/8"}],"replies":[{"embeddable":true,"href":"https:\/\/ataarelief.org\/tr\/wp-json\/wp\/v2\/comments?post=12315"}],"version-history":[{"count":14,"href":"https:\/\/ataarelief.org\/tr\/wp-json\/wp\/v2\/pages\/12315\/revisions"}],"predecessor-version":[{"id":17359,"href":"https:\/\/ataarelief.org\/tr\/wp-json\/wp\/v2\/pages\/12315\/revisions\/17359"}],"wp:attachment":[{"href":"https:\/\/ataarelief.org\/tr\/wp-json\/wp\/v2\/media?parent=12315"}],"curies":[{"name":"wp","href":"https:\/\/api.w.org\/{rel}","templated":true}]}}