{"id":12302,"date":"2021-09-30T14:20:10","date_gmt":"2021-09-30T14:20:10","guid":{"rendered":"https:\/\/ataa.kuarkz.com\/blog\/"},"modified":"2024-01-15T12:54:27","modified_gmt":"2024-01-15T09:54:27","slug":"blog","status":"publish","type":"page","link":"https:\/\/ataarelief.org\/tr\/blog\/","title":{"rendered":"Blog"},"content":{"rendered":"\t\t<div data-elementor-type=\"wp-page\" data-elementor-id=\"12302\" class=\"elementor elementor-12302 elementor-424\" data-elementor-post-type=\"page\">\n\t\t\t\t\t\t<section class=\"elementor-section elementor-top-section elementor-element elementor-element-1673a59 elementor-section-boxed elementor-section-height-default elementor-section-height-default\" data-id=\"1673a59\" data-element_type=\"section\">\n\t\t\t\t\t\t<div class=\"elementor-container elementor-column-gap-default\">\n\t\t\t\t\t<div class=\"elementor-column elementor-col-100 elementor-top-column elementor-element elementor-element-35db38a\" data-id=\"35db38a\" data-element_type=\"column\">\n\t\t\t<div class=\"elementor-widget-wrap elementor-element-populated\">\n\t\t\t\t\t\t<div class=\"elementor-element elementor-element-32c41a9 elementor-widget elementor-widget-text-editor\" data-id=\"32c41a9\" data-element_type=\"widget\" data-widget_type=\"text-editor.default\">\n\t\t\t\t<div class=\"elementor-widget-container\">\n\t\t\t\t\t\t\t<p style=\"border-style: solid; border-color: #d9d9e3; --tw-border-spacing-x: 0; --tw-border-spacing-y: 0; --tw-translate-x: 0; --tw-translate-y: 0; --tw-rotate: 0; --tw-skew-x: 0; --tw-skew-y: 0; --tw-scale-x: 1; --tw-scale-y: 1; --tw-scroll-snap-strictness: proximity; --tw-ring-offset-width: 0px; --tw-ring-offset-color: #fff; --tw-ring-color: rgba(69,89,164,.5); --tw-ring-offset-shadow: 0 0 transparent; --tw-ring-shadow: 0 0 transparent; --tw-shadow: 0 0 transparent; --tw-shadow-colored: 0 0 transparent; margin-top: 1.25em; margin-bottom: 1.25em; color: #374151; font-family: S\u00f6hne, ui-sans-serif, system-ui, -apple-system, 'Segoe UI', Roboto, Ubuntu, Cantarell, 'Noto Sans', sans-serif, 'Helvetica Neue', Arial, 'Apple Color Emoji', 'Segoe UI Emoji', 'Segoe UI Symbol', 'Noto Color Emoji'; font-size: 16px; font-style: normal; font-weight: 400; white-space-collapse: preserve;\">&#8220;Ataa \u0130nsani Yard\u0131mla\u015fma Derne\u011fi olarak, sosyal ve hay\u0131r i\u015flerinin ula\u015fabilece\u011fi olumlu etkiye inan\u0131yoruz. Bu blog sayfas\u0131, vizyonumuzu ve hikayeleri, fikirleri ve deneyimleri payla\u015fma taahh\u00fcd\u00fcm\u00fcz\u00fc yans\u0131tmaktad\u0131r; bu da c\u00f6mertlik ve topluluklar\u0131m\u0131zdaki olumlu etkiye te\u015fvik eden unsurlard\u0131r.<\/p><p style=\"border-style: solid; border-color: #d9d9e3; --tw-border-spacing-x: 0; --tw-border-spacing-y: 0; --tw-translate-x: 0; --tw-translate-y: 0; --tw-rotate: 0; --tw-skew-x: 0; --tw-skew-y: 0; --tw-scale-x: 1; --tw-scale-y: 1; --tw-scroll-snap-strictness: proximity; --tw-ring-offset-width: 0px; --tw-ring-offset-color: #fff; --tw-ring-color: rgba(69,89,164,.5); --tw-ring-offset-shadow: 0 0 transparent; --tw-ring-shadow: 0 0 transparent; --tw-shadow: 0 0 transparent; --tw-shadow-colored: 0 0 transparent; margin-top: 1.25em; margin-bottom: 1.25em; color: #374151; font-family: S\u00f6hne, ui-sans-serif, system-ui, -apple-system, 'Segoe UI', Roboto, Ubuntu, Cantarell, 'Noto Sans', sans-serif, 'Helvetica Neue', Arial, 'Apple Color Emoji', 'Segoe UI Emoji', 'Segoe UI Symbol', 'Noto Color Emoji'; font-size: 16px; font-style: normal; font-weight: 400; white-space-collapse: preserve;\">Bu platform arac\u0131l\u0131\u011f\u0131yla, sizi yolculu\u011fumuzu ke\u015ffetmeye ve giri\u015fimlerimizle programlar\u0131m\u0131z\u0131 tan\u0131maya davet ediyoruz. Burada, destek ve ba\u011f\u0131\u015flar\u0131n\u0131zdan faydalanan bireylerin ba\u015far\u0131 hikayelerini, istatistiksel raporlar\u0131 ve ger\u00e7ek ya\u015fam \u00f6yk\u00fclerini bulacaks\u0131n\u0131z.<\/p><p style=\"border-style: solid; border-color: #d9d9e3; --tw-border-spacing-x: 0; --tw-border-spacing-y: 0; --tw-translate-x: 0; --tw-translate-y: 0; --tw-rotate: 0; --tw-skew-x: 0; --tw-skew-y: 0; --tw-scale-x: 1; --tw-scale-y: 1; --tw-scroll-snap-strictness: proximity; --tw-ring-offset-width: 0px; --tw-ring-offset-color: #fff; --tw-ring-color: rgba(69,89,164,.5); --tw-ring-offset-shadow: 0 0 transparent; --tw-ring-shadow: 0 0 transparent; --tw-shadow: 0 0 transparent; --tw-shadow-colored: 0 0 transparent; margin-top: 1.25em; margin-bottom: 0px; color: #374151; font-family: S\u00f6hne, ui-sans-serif, system-ui, -apple-system, 'Segoe UI', Roboto, Ubuntu, Cantarell, 'Noto Sans', sans-serif, 'Helvetica Neue', Arial, 'Apple Color Emoji', 'Segoe UI Emoji', 'Segoe UI Symbol', 'Noto Color Emoji'; font-size: 16px; font-style: normal; font-weight: 400; white-space-collapse: preserve;\">Sosyal tart\u0131\u015fmalara kat\u0131l\u0131m ve fark\u0131ndal\u0131\u011f\u0131 art\u0131rma, misyonumuzun ayr\u0131lmaz bir par\u00e7as\u0131 olarak kabul ediyoruz. Umuyoruz ki bu blog, herkesi iyilik yapmaya ve olumlu de\u011fi\u015fikliklere katk\u0131da bulunmaya te\u015fvik eden bir ilham kayna\u011f\u0131 olur.&#8221;<\/p>\t\t\t\t\t\t<\/div>\n\t\t\t\t<\/div>\n\t\t\t\t<div class=\"elementor-element elementor-element-8994314 elementor-widget elementor-widget-heading\" data-id=\"8994314\" data-element_type=\"widget\" data-widget_type=\"heading.default\">\n\t\t\t\t<div class=\"elementor-widget-container\">\n\t\t\t<h2 class=\"elementor-heading-title elementor-size-default\">Blog<\/h2>\t\t<\/div>\n\t\t\t\t<\/div>\n\t\t\t\t\t<\/div>\n\t\t<\/div>\n\t\t\t\t\t<\/div>\n\t\t<\/section>\n\t\t\t\t<\/div>\n\t\t","protected":false},"excerpt":{"rendered":"<p>&#8220;Ataa \u0130nsani Yard\u0131mla\u015fma Derne\u011fi olarak, sosyal ve hay\u0131r i\u015flerinin ula\u015fabilece\u011fi olumlu etkiye inan\u0131yoruz. Bu blog sayfas\u0131, vizyonumuzu ve hikayeleri, fikirleri ve deneyimleri payla\u015fma taahh\u00fcd\u00fcm\u00fcz\u00fc yans\u0131tmaktad\u0131r; bu da c\u00f6mertlik ve topluluklar\u0131m\u0131zdaki olumlu etkiye te\u015fvik eden unsurlard\u0131r. Bu platform arac\u0131l\u0131\u011f\u0131yla, sizi yolculu\u011fumuzu ke\u015ffetmeye ve giri\u015fimlerimizle programlar\u0131m\u0131z\u0131 tan\u0131maya davet ediyoruz. Burada, destek ve ba\u011f\u0131\u015flar\u0131n\u0131zdan faydalanan bireylerin ba\u015far\u0131 hikayelerini, [&hellip;]<\/p>\n","protected":false},"author":8,"featured_media":0,"parent":0,"menu_order":0,"comment_status":"closed","ping_status":"closed","template":"","meta":{"footnotes":""},"class_list":["post-12302","page","type-page","status-publish","hentry"],"yoast_head":"<!-- This site is optimized with the Yoast SEO Premium plugin v26.1 (Yoast SEO v27.4) - https:\/\/yoast.com\/product\/yoast-seo-premium-wordpress\/ -->\n<title>- Blog<\/title>\n<meta name=\"description\" content=\"\u201cAtaa \u0130nsani Yard\u0131mla\u015fma Derne\u011fi olarak, sosyal ve hay\u0131r i\u015flerinin ula\u015fabilece\u011fi olumlu etkiye inan\u0131yoruz. Bu blog sayfas\u0131,\" \/>\n<meta name=\"robots\" content=\"index, follow, max-snippet:-1, max-image-preview:large, max-video-preview:-1\" \/>\n<link rel=\"canonical\" href=\"https:\/\/ataarelief.org\/tr\/blog\/\" \/>\n<meta property=\"og:locale\" content=\"tr_TR\" \/>\n<meta property=\"og:type\" content=\"article\" \/>\n<meta property=\"og:title\" content=\"Blog\" \/>\n<meta property=\"og:description\" content=\"\u201cAtaa \u0130nsani Yard\u0131mla\u015fma Derne\u011fi olarak, sosyal ve hay\u0131r i\u015flerinin ula\u015fabilece\u011fi olumlu etkiye inan\u0131yoruz. Bu blog sayfas\u0131,\" \/>\n<meta property=\"og:url\" content=\"https:\/\/ataarelief.org\/tr\/blog\/\" \/>\n<meta property=\"og:site_name\" content=\"ATAA RELIEF\" \/>\n<meta property=\"article:publisher\" content=\"https:\/\/www.facebook.com\/AtaaRelief\" \/>\n<meta property=\"article:modified_time\" content=\"2024-01-15T09:54:27+00:00\" \/>\n<meta property=\"og:image\" content=\"https:\/\/ataarelief.org\/wp-content\/uploads\/2024\/04\/\u0627\u0644\u062a\u0642\u0631\u064a\u0631-\u0627\u0644\u0633\u0646\u0648\u0631\u064a-\u0644\u062c\u0645\u0639\u064a\u0629-\u0639\u0637\u0627\u0621-2023.png\" \/>\n\t<meta property=\"og:image:width\" content=\"1333\" \/>\n\t<meta property=\"og:image:height\" content=\"750\" \/>\n\t<meta property=\"og:image:type\" content=\"image\/png\" \/>\n<meta name=\"twitter:card\" content=\"summary_large_image\" \/>\n<meta name=\"twitter:site\" content=\"@AtaaRelief\" \/>\n<meta name=\"twitter:label1\" content=\"Tahmini okuma s\u00fcresi\" \/>\n\t<meta name=\"twitter:data1\" content=\"1 dakika\" \/>\n<script type=\"application\/ld+json\" class=\"yoast-schema-graph\">{\"@context\":\"https:\\\/\\\/schema.org\",\"@graph\":[{\"@type\":\"WebPage\",\"@id\":\"https:\\\/\\\/ataarelief.org\\\/tr\\\/blog\\\/\",\"url\":\"https:\\\/\\\/ataarelief.org\\\/tr\\\/blog\\\/\",\"name\":\"- Blog\",\"isPartOf\":{\"@id\":\"https:\\\/\\\/ataarelief.org\\\/tr\\\/#website\"},\"datePublished\":\"2021-09-30T14:20:10+00:00\",\"dateModified\":\"2024-01-15T09:54:27+00:00\",\"description\":\"\u201cAtaa \u0130nsani Yard\u0131mla\u015fma Derne\u011fi olarak, sosyal ve hay\u0131r i\u015flerinin ula\u015fabilece\u011fi olumlu etkiye inan\u0131yoruz. Bu blog sayfas\u0131,\",\"breadcrumb\":{\"@id\":\"https:\\\/\\\/ataarelief.org\\\/tr\\\/blog\\\/#breadcrumb\"},\"inLanguage\":\"tr\",\"potentialAction\":[{\"@type\":\"ReadAction\",\"target\":[\"https:\\\/\\\/ataarelief.org\\\/tr\\\/blog\\\/\"]}]},{\"@type\":\"BreadcrumbList\",\"@id\":\"https:\\\/\\\/ataarelief.org\\\/tr\\\/blog\\\/#breadcrumb\",\"itemListElement\":[{\"@type\":\"ListItem\",\"position\":1,\"name\":\"Home\",\"item\":\"https:\\\/\\\/ataarelief.org\\\/tr\\\/\"},{\"@type\":\"ListItem\",\"position\":2,\"name\":\"Blog\"}]},{\"@type\":\"WebSite\",\"@id\":\"https:\\\/\\\/ataarelief.org\\\/tr\\\/#website\",\"url\":\"https:\\\/\\\/ataarelief.org\\\/tr\\\/\",\"name\":\"Ataa Relief\",\"description\":\"\",\"publisher\":{\"@id\":\"https:\\\/\\\/ataarelief.org\\\/tr\\\/#organization\"},\"alternateName\":\"Ataa\",\"potentialAction\":[{\"@type\":\"SearchAction\",\"target\":{\"@type\":\"EntryPoint\",\"urlTemplate\":\"https:\\\/\\\/ataarelief.org\\\/tr\\\/?s={search_term_string}\"},\"query-input\":{\"@type\":\"PropertyValueSpecification\",\"valueRequired\":true,\"valueName\":\"search_term_string\"}}],\"inLanguage\":\"tr\"},{\"@type\":\"Organization\",\"@id\":\"https:\\\/\\\/ataarelief.org\\\/tr\\\/#organization\",\"name\":\"Ataa Relief\",\"alternateName\":\"\u062c\u0645\u0639\u064a\u0629 \u0639\u0637\u0627\u0621 \u0644\u0644\u0625\u063a\u0627\u062b\u0629 \u0627\u0644\u0625\u0646\u0633\u0627\u0646\u064a\u0629\",\"url\":\"https:\\\/\\\/ataarelief.org\\\/tr\\\/\",\"logo\":{\"@type\":\"ImageObject\",\"inLanguage\":\"tr\",\"@id\":\"https:\\\/\\\/ataarelief.org\\\/tr\\\/#\\\/schema\\\/logo\\\/image\\\/\",\"url\":\"https:\\\/\\\/ataarelief.org\\\/wp-content\\\/uploads\\\/2020\\\/09\\\/ATAA-logo.svg\",\"contentUrl\":\"https:\\\/\\\/ataarelief.org\\\/wp-content\\\/uploads\\\/2020\\\/09\\\/ATAA-logo.svg\",\"width\":558,\"height\":769,\"caption\":\"Ataa Relief\"},\"image\":{\"@id\":\"https:\\\/\\\/ataarelief.org\\\/tr\\\/#\\\/schema\\\/logo\\\/image\\\/\"},\"sameAs\":[\"https:\\\/\\\/www.facebook.com\\\/AtaaRelief\",\"https:\\\/\\\/x.com\\\/AtaaRelief\",\"https:\\\/\\\/www.instagram.com\\\/ataarelief\\\/\",\"https:\\\/\\\/www.youtube.com\\\/channel\\\/UCiavrRLhS6NbhvyLtRkocuw\",\"https:\\\/\\\/www.linkedin.com\\\/company\\\/ataarelief1\\\/\"],\"description\":\"A non-profit humanitarian organization registered in Turkey. It was established in early 2013 to provide humanitarian relief to the needy and afflicted.\",\"email\":\"info@ataarelief.org\",\"telephone\":\"+902126358904\",\"publishingPrinciples\":\"https:\\\/\\\/ataarelief.org\\\/where-we-work\\\/\",\"ownershipFundingInfo\":\"https:\\\/\\\/ataarelief.org\\\/about-us\\\/\",\"actionableFeedbackPolicy\":\"https:\\\/\\\/ataarelief.org\\\/humanitarian-action-charter\\\/\",\"correctionsPolicy\":\"https:\\\/\\\/ataarelief.org\\\/privacy-policy\\\/\",\"ethicsPolicy\":\"https:\\\/\\\/ataarelief.org\\\/humanitarian-action-charter\\\/\",\"diversityPolicy\":\"https:\\\/\\\/ataarelief.org\\\/terms-of-use\\\/\",\"diversityStaffingReport\":\"https:\\\/\\\/ataarelief.org\\\/join-us\\\/\"}]}<\/script>\n<!-- \/ Yoast SEO Premium plugin. -->","yoast_head_json":{"title":"- Blog","description":"\u201cAtaa \u0130nsani Yard\u0131mla\u015fma Derne\u011fi olarak, sosyal ve hay\u0131r i\u015flerinin ula\u015fabilece\u011fi olumlu etkiye inan\u0131yoruz. Bu blog sayfas\u0131,","robots":{"index":"index","follow":"follow","max-snippet":"max-snippet:-1","max-image-preview":"max-image-preview:large","max-video-preview":"max-video-preview:-1"},"canonical":"https:\/\/ataarelief.org\/tr\/blog\/","og_locale":"tr_TR","og_type":"article","og_title":"Blog","og_description":"\u201cAtaa \u0130nsani Yard\u0131mla\u015fma Derne\u011fi olarak, sosyal ve hay\u0131r i\u015flerinin ula\u015fabilece\u011fi olumlu etkiye inan\u0131yoruz. Bu blog sayfas\u0131,","og_url":"https:\/\/ataarelief.org\/tr\/blog\/","og_site_name":"ATAA RELIEF","article_publisher":"https:\/\/www.facebook.com\/AtaaRelief","article_modified_time":"2024-01-15T09:54:27+00:00","og_image":[{"width":1333,"height":750,"url":"https:\/\/ataarelief.org\/wp-content\/uploads\/2024\/04\/\u0627\u0644\u062a\u0642\u0631\u064a\u0631-\u0627\u0644\u0633\u0646\u0648\u0631\u064a-\u0644\u062c\u0645\u0639\u064a\u0629-\u0639\u0637\u0627\u0621-2023.png","type":"image\/png"}],"twitter_card":"summary_large_image","twitter_site":"@AtaaRelief","twitter_misc":{"Tahmini okuma s\u00fcresi":"1 dakika"},"schema":{"@context":"https:\/\/schema.org","@graph":[{"@type":"WebPage","@id":"https:\/\/ataarelief.org\/tr\/blog\/","url":"https:\/\/ataarelief.org\/tr\/blog\/","name":"- Blog","isPartOf":{"@id":"https:\/\/ataarelief.org\/tr\/#website"},"datePublished":"2021-09-30T14:20:10+00:00","dateModified":"2024-01-15T09:54:27+00:00","description":"\u201cAtaa \u0130nsani Yard\u0131mla\u015fma Derne\u011fi olarak, sosyal ve hay\u0131r i\u015flerinin ula\u015fabilece\u011fi olumlu etkiye inan\u0131yoruz. Bu blog sayfas\u0131,","breadcrumb":{"@id":"https:\/\/ataarelief.org\/tr\/blog\/#breadcrumb"},"inLanguage":"tr","potentialAction":[{"@type":"ReadAction","target":["https:\/\/ataarelief.org\/tr\/blog\/"]}]},{"@type":"BreadcrumbList","@id":"https:\/\/ataarelief.org\/tr\/blog\/#breadcrumb","itemListElement":[{"@type":"ListItem","position":1,"name":"Home","item":"https:\/\/ataarelief.org\/tr\/"},{"@type":"ListItem","position":2,"name":"Blog"}]},{"@type":"WebSite","@id":"https:\/\/ataarelief.org\/tr\/#website","url":"https:\/\/ataarelief.org\/tr\/","name":"Ataa Relief","description":"","publisher":{"@id":"https:\/\/ataarelief.org\/tr\/#organization"},"alternateName":"Ataa","potentialAction":[{"@type":"SearchAction","target":{"@type":"EntryPoint","urlTemplate":"https:\/\/ataarelief.org\/tr\/?s={search_term_string}"},"query-input":{"@type":"PropertyValueSpecification","valueRequired":true,"valueName":"search_term_string"}}],"inLanguage":"tr"},{"@type":"Organization","@id":"https:\/\/ataarelief.org\/tr\/#organization","name":"Ataa Relief","alternateName":"\u062c\u0645\u0639\u064a\u0629 \u0639\u0637\u0627\u0621 \u0644\u0644\u0625\u063a\u0627\u062b\u0629 \u0627\u0644\u0625\u0646\u0633\u0627\u0646\u064a\u0629","url":"https:\/\/ataarelief.org\/tr\/","logo":{"@type":"ImageObject","inLanguage":"tr","@id":"https:\/\/ataarelief.org\/tr\/#\/schema\/logo\/image\/","url":"https:\/\/ataarelief.org\/wp-content\/uploads\/2020\/09\/ATAA-logo.svg","contentUrl":"https:\/\/ataarelief.org\/wp-content\/uploads\/2020\/09\/ATAA-logo.svg","width":558,"height":769,"caption":"Ataa Relief"},"image":{"@id":"https:\/\/ataarelief.org\/tr\/#\/schema\/logo\/image\/"},"sameAs":["https:\/\/www.facebook.com\/AtaaRelief","https:\/\/x.com\/AtaaRelief","https:\/\/www.instagram.com\/ataarelief\/","https:\/\/www.youtube.com\/channel\/UCiavrRLhS6NbhvyLtRkocuw","https:\/\/www.linkedin.com\/company\/ataarelief1\/"],"description":"A non-profit humanitarian organization registered in Turkey. It was established in early 2013 to provide humanitarian relief to the needy and afflicted.","email":"info@ataarelief.org","telephone":"+902126358904","publishingPrinciples":"https:\/\/ataarelief.org\/where-we-work\/","ownershipFundingInfo":"https:\/\/ataarelief.org\/about-us\/","actionableFeedbackPolicy":"https:\/\/ataarelief.org\/humanitarian-action-charter\/","correctionsPolicy":"https:\/\/ataarelief.org\/privacy-policy\/","ethicsPolicy":"https:\/\/ataarelief.org\/humanitarian-action-charter\/","diversityPolicy":"https:\/\/ataarelief.org\/terms-of-use\/","diversityStaffingReport":"https:\/\/ataarelief.org\/join-us\/"}]}},"_links":{"self":[{"href":"https:\/\/ataarelief.org\/tr\/wp-json\/wp\/v2\/pages\/12302","targetHints":{"allow":["GET"]}}],"collection":[{"href":"https:\/\/ataarelief.org\/tr\/wp-json\/wp\/v2\/pages"}],"about":[{"href":"https:\/\/ataarelief.org\/tr\/wp-json\/wp\/v2\/types\/page"}],"author":[{"embeddable":true,"href":"https:\/\/ataarelief.org\/tr\/wp-json\/wp\/v2\/users\/8"}],"replies":[{"embeddable":true,"href":"https:\/\/ataarelief.org\/tr\/wp-json\/wp\/v2\/comments?post=12302"}],"version-history":[{"count":5,"href":"https:\/\/ataarelief.org\/tr\/wp-json\/wp\/v2\/pages\/12302\/revisions"}],"predecessor-version":[{"id":22824,"href":"https:\/\/ataarelief.org\/tr\/wp-json\/wp\/v2\/pages\/12302\/revisions\/22824"}],"wp:attachment":[{"href":"https:\/\/ataarelief.org\/tr\/wp-json\/wp\/v2\/media?parent=12302"}],"curies":[{"name":"wp","href":"https:\/\/api.w.org\/{rel}","templated":true}]}}