{"id":12213,"date":"2021-09-30T12:49:30","date_gmt":"2021-09-30T12:49:30","guid":{"rendered":"https:\/\/ataa.kuarkz.com\/egitim\/"},"modified":"2024-01-15T13:02:26","modified_gmt":"2024-01-15T10:02:26","slug":"egitim","status":"publish","type":"page","link":"https:\/\/ataarelief.org\/tr\/egitim\/","title":{"rendered":"E\u011fitim"},"content":{"rendered":"\t\t<div data-elementor-type=\"wp-page\" data-elementor-id=\"12213\" class=\"elementor elementor-12213 elementor-6700\" data-elementor-post-type=\"page\">\n\t\t\t\t\t\t<section class=\"elementor-section elementor-top-section elementor-element elementor-element-9a6f37b elementor-section-boxed elementor-section-height-default elementor-section-height-default\" data-id=\"9a6f37b\" data-element_type=\"section\">\n\t\t\t\t\t\t<div class=\"elementor-container elementor-column-gap-default\">\n\t\t\t\t\t<div class=\"elementor-column elementor-col-100 elementor-top-column elementor-element elementor-element-21261c3\" data-id=\"21261c3\" data-element_type=\"column\">\n\t\t\t<div class=\"elementor-widget-wrap elementor-element-populated\">\n\t\t\t\t\t\t<div class=\"elementor-element elementor-element-314d7da elementor-widget elementor-widget-spacer\" data-id=\"314d7da\" data-element_type=\"widget\" data-widget_type=\"spacer.default\">\n\t\t\t\t<div class=\"elementor-widget-container\">\n\t\t\t\t\t<div class=\"elementor-spacer\">\n\t\t\t<div class=\"elementor-spacer-inner\"><\/div>\n\t\t<\/div>\n\t\t\t\t<\/div>\n\t\t\t\t<\/div>\n\t\t\t\t<div class=\"elementor-element elementor-element-539839e elementor-widget elementor-widget-text-editor\" data-id=\"539839e\" data-element_type=\"widget\" data-widget_type=\"text-editor.default\">\n\t\t\t\t<div class=\"elementor-widget-container\">\n\t\t\t\t\t\t\t<strong>E\u011fitimde paralel sistemler olu\u015fturmak yerine mevcut sistemdeki bo\u015fluklar\u0131 doldurarak ve en dezavantajl\u0131 gruplara \u00f6ncelik vererek e\u011fitime eri\u015fimi kolayla\u015ft\u0131rmaya ve iyile\u015ftirmeye y\u00f6nelik \u00e7al\u0131\u015fmalar yap\u0131lmaktad\u0131r. Okulu terk eden \u00f6\u011frencilerin e\u011fitime geri d\u00f6nmesine, kay\u0131tl\u0131\u00f6\u011frencilerin devaml\u0131l\u0131\u011f\u0131n\u0131n sa\u011flanmas\u0131na ve e\u011fitim kalitesinin y\u00fckseltilmesine katk\u0131 sa\u011flanmaktad\u0131r<\/strong>\t\t\t\t\t\t<\/div>\n\t\t\t\t<\/div>\n\t\t\t\t\t<\/div>\n\t\t<\/div>\n\t\t\t\t\t<\/div>\n\t\t<\/section>\n\t\t\t\t<section class=\"elementor-section elementor-top-section elementor-element elementor-element-77b8a87 elementor-section-boxed elementor-section-height-default elementor-section-height-default\" data-id=\"77b8a87\" data-element_type=\"section\">\n\t\t\t\t\t\t<div class=\"elementor-container elementor-column-gap-default\">\n\t\t\t\t\t<div class=\"elementor-column elementor-col-100 elementor-top-column elementor-element elementor-element-2077fd3\" data-id=\"2077fd3\" data-element_type=\"column\">\n\t\t\t<div class=\"elementor-widget-wrap elementor-element-populated\">\n\t\t\t\t\t\t<div class=\"elementor-element elementor-element-01090aa elementor-widget elementor-widget-spacer\" data-id=\"01090aa\" data-element_type=\"widget\" data-widget_type=\"spacer.default\">\n\t\t\t\t<div class=\"elementor-widget-container\">\n\t\t\t\t\t<div class=\"elementor-spacer\">\n\t\t\t<div class=\"elementor-spacer-inner\"><\/div>\n\t\t<\/div>\n\t\t\t\t<\/div>\n\t\t\t\t<\/div>\n\t\t\t\t<div class=\"elementor-element elementor-element-8b6f775 elementor-widget elementor-widget-heading\" data-id=\"8b6f775\" data-element_type=\"widget\" data-widget_type=\"heading.default\">\n\t\t\t\t<div class=\"elementor-widget-container\">\n\t\t\t<h3 class=\"elementor-heading-title elementor-size-default\">Ataa'te E\u011fitim faaliyetleri<\/h3>\t\t<\/div>\n\t\t\t\t<\/div>\n\t\t\t\t<div class=\"elementor-element elementor-element-b9d3486 elementor-widget-divider--view-line elementor-widget elementor-widget-divider\" data-id=\"b9d3486\" data-element_type=\"widget\" data-widget_type=\"divider.default\">\n\t\t\t\t<div class=\"elementor-widget-container\">\n\t\t\t\t\t<div class=\"elementor-divider\">\n\t\t\t<span class=\"elementor-divider-separator\">\n\t\t\t\t\t\t<\/span>\n\t\t<\/div>\n\t\t\t\t<\/div>\n\t\t\t\t<\/div>\n\t\t\t\t<div class=\"elementor-element elementor-element-f174a7d elementor-widget elementor-widget-spacer\" data-id=\"f174a7d\" data-element_type=\"widget\" data-widget_type=\"spacer.default\">\n\t\t\t\t<div class=\"elementor-widget-container\">\n\t\t\t\t\t<div class=\"elementor-spacer\">\n\t\t\t<div class=\"elementor-spacer-inner\"><\/div>\n\t\t<\/div>\n\t\t\t\t<\/div>\n\t\t\t\t<\/div>\n\t\t\t\t\t<\/div>\n\t\t<\/div>\n\t\t\t\t\t<\/div>\n\t\t<\/section>\n\t\t\t\t<section class=\"elementor-section elementor-top-section elementor-element elementor-element-5e278fe8 elementor-section-boxed elementor-section-height-default elementor-section-height-default\" data-id=\"5e278fe8\" data-element_type=\"section\">\n\t\t\t\t\t\t<div class=\"elementor-container elementor-column-gap-default\">\n\t\t\t\t\t<div class=\"elementor-column elementor-col-100 elementor-top-column elementor-element elementor-element-39c51282\" data-id=\"39c51282\" data-element_type=\"column\">\n\t\t\t<div class=\"elementor-widget-wrap elementor-element-populated\">\n\t\t\t\t\t\t\t<\/div>\n\t\t<\/div>\n\t\t\t\t\t<\/div>\n\t\t<\/section>\n\t\t\t\t<section class=\"elementor-section elementor-top-section elementor-element elementor-element-6e1bb7bd elementor-section-boxed elementor-section-height-default elementor-section-height-default\" data-id=\"6e1bb7bd\" data-element_type=\"section\">\n\t\t\t\t\t\t<div class=\"elementor-container elementor-column-gap-default\">\n\t\t\t\t\t<div class=\"elementor-column elementor-col-100 elementor-top-column elementor-element elementor-element-60c3005a\" data-id=\"60c3005a\" data-element_type=\"column\">\n\t\t\t<div class=\"elementor-widget-wrap elementor-element-populated\">\n\t\t\t\t\t\t<div class=\"elementor-element elementor-element-4e3ee49e elementor-widget elementor-widget-spacer\" data-id=\"4e3ee49e\" data-element_type=\"widget\" data-widget_type=\"spacer.default\">\n\t\t\t\t<div class=\"elementor-widget-container\">\n\t\t\t\t\t<div class=\"elementor-spacer\">\n\t\t\t<div class=\"elementor-spacer-inner\"><\/div>\n\t\t<\/div>\n\t\t\t\t<\/div>\n\t\t\t\t<\/div>\n\t\t\t\t<div class=\"elementor-element elementor-element-1432c056 elementor-widget-divider--view-line elementor-widget elementor-widget-divider\" data-id=\"1432c056\" data-element_type=\"widget\" data-widget_type=\"divider.default\">\n\t\t\t\t<div class=\"elementor-widget-container\">\n\t\t\t\t\t<div class=\"elementor-divider\">\n\t\t\t<span class=\"elementor-divider-separator\">\n\t\t\t\t\t\t<\/span>\n\t\t<\/div>\n\t\t\t\t<\/div>\n\t\t\t\t<\/div>\n\t\t\t\t<div class=\"elementor-element elementor-element-c67863a elementor-widget elementor-widget-heading\" data-id=\"c67863a\" data-element_type=\"widget\" data-widget_type=\"heading.default\">\n\t\t\t\t<div class=\"elementor-widget-container\">\n\t\t\t<h6 class=\"elementor-heading-title elementor-size-default\">Bizi sosyal a\u011flarda takip edin<\/h6>\t\t<\/div>\n\t\t\t\t<\/div>\n\t\t\t\t<div class=\"elementor-element elementor-element-5c493c04 elementor-shape-circle elementor-grid-0 e-grid-align-center elementor-widget elementor-widget-social-icons\" data-id=\"5c493c04\" data-element_type=\"widget\" data-widget_type=\"social-icons.default\">\n\t\t\t\t<div class=\"elementor-widget-container\">\n\t\t\t\t\t<div class=\"elementor-social-icons-wrapper elementor-grid\">\n\t\t\t\t\t\t\t<span class=\"elementor-grid-item\">\n\t\t\t\t\t<a class=\"elementor-icon elementor-social-icon elementor-social-icon-facebook elementor-repeater-item-e9a3ce2\" href=\"https:\/\/www.facebook.com\/AtaaRelief\" target=\"_blank\">\n\t\t\t\t\t\t<span class=\"elementor-screen-only\">Facebook<\/span>\n\t\t\t\t\t\t<svg class=\"e-font-icon-svg e-fab-facebook\" viewBox=\"0 0 512 512\" xmlns=\"http:\/\/www.w3.org\/2000\/svg\"><path d=\"M504 256C504 119 393 8 256 8S8 119 8 256c0 123.78 90.69 226.38 209.25 245V327.69h-63V256h63v-54.64c0-62.15 37-96.48 93.67-96.48 27.14 0 55.52 4.84 55.52 4.84v61h-31.28c-30.8 0-40.41 19.12-40.41 38.73V256h68.78l-11 71.69h-57.78V501C413.31 482.38 504 379.78 504 256z\"><\/path><\/svg>\t\t\t\t\t<\/a>\n\t\t\t\t<\/span>\n\t\t\t\t\t\t\t<span class=\"elementor-grid-item\">\n\t\t\t\t\t<a class=\"elementor-icon elementor-social-icon elementor-social-icon-instagram elementor-repeater-item-3d31376\" href=\"https:\/\/www.instagram.com\/ataarelief\" target=\"_blank\">\n\t\t\t\t\t\t<span class=\"elementor-screen-only\">Instagram<\/span>\n\t\t\t\t\t\t<svg class=\"e-font-icon-svg e-fab-instagram\" viewBox=\"0 0 448 512\" xmlns=\"http:\/\/www.w3.org\/2000\/svg\"><path d=\"M224.1 141c-63.6 0-114.9 51.3-114.9 114.9s51.3 114.9 114.9 114.9S339 319.5 339 255.9 287.7 141 224.1 141zm0 189.6c-41.1 0-74.7-33.5-74.7-74.7s33.5-74.7 74.7-74.7 74.7 33.5 74.7 74.7-33.6 74.7-74.7 74.7zm146.4-194.3c0 14.9-12 26.8-26.8 26.8-14.9 0-26.8-12-26.8-26.8s12-26.8 26.8-26.8 26.8 12 26.8 26.8zm76.1 27.2c-1.7-35.9-9.9-67.7-36.2-93.9-26.2-26.2-58-34.4-93.9-36.2-37-2.1-147.9-2.1-184.9 0-35.8 1.7-67.6 9.9-93.9 36.1s-34.4 58-36.2 93.9c-2.1 37-2.1 147.9 0 184.9 1.7 35.9 9.9 67.7 36.2 93.9s58 34.4 93.9 36.2c37 2.1 147.9 2.1 184.9 0 35.9-1.7 67.7-9.9 93.9-36.2 26.2-26.2 34.4-58 36.2-93.9 2.1-37 2.1-147.8 0-184.8zM398.8 388c-7.8 19.6-22.9 34.7-42.6 42.6-29.5 11.7-99.5 9-132.1 9s-102.7 2.6-132.1-9c-19.6-7.8-34.7-22.9-42.6-42.6-11.7-29.5-9-99.5-9-132.1s-2.6-102.7 9-132.1c7.8-19.6 22.9-34.7 42.6-42.6 29.5-11.7 99.5-9 132.1-9s102.7-2.6 132.1 9c19.6 7.8 34.7 22.9 42.6 42.6 11.7 29.5 9 99.5 9 132.1s2.7 102.7-9 132.1z\"><\/path><\/svg>\t\t\t\t\t<\/a>\n\t\t\t\t<\/span>\n\t\t\t\t\t\t\t<span class=\"elementor-grid-item\">\n\t\t\t\t\t<a class=\"elementor-icon elementor-social-icon elementor-social-icon-twitter elementor-repeater-item-f6c43c5\" href=\"https:\/\/twitter.com\/AtaaRelief\" target=\"_blank\">\n\t\t\t\t\t\t<span class=\"elementor-screen-only\">Twitter<\/span>\n\t\t\t\t\t\t<svg class=\"e-font-icon-svg e-fab-twitter\" viewBox=\"0 0 512 512\" xmlns=\"http:\/\/www.w3.org\/2000\/svg\"><path d=\"M459.37 151.716c.325 4.548.325 9.097.325 13.645 0 138.72-105.583 298.558-298.558 298.558-59.452 0-114.68-17.219-161.137-47.106 8.447.974 16.568 1.299 25.34 1.299 49.055 0 94.213-16.568 130.274-44.832-46.132-.975-84.792-31.188-98.112-72.772 6.498.974 12.995 1.624 19.818 1.624 9.421 0 18.843-1.3 27.614-3.573-48.081-9.747-84.143-51.98-84.143-102.985v-1.299c13.969 7.797 30.214 12.67 47.431 13.319-28.264-18.843-46.781-51.005-46.781-87.391 0-19.492 5.197-37.36 14.294-52.954 51.655 63.675 129.3 105.258 216.365 109.807-1.624-7.797-2.599-15.918-2.599-24.04 0-57.828 46.782-104.934 104.934-104.934 30.213 0 57.502 12.67 76.67 33.137 23.715-4.548 46.456-13.32 66.599-25.34-7.798 24.366-24.366 44.833-46.132 57.827 21.117-2.273 41.584-8.122 60.426-16.243-14.292 20.791-32.161 39.308-52.628 54.253z\"><\/path><\/svg>\t\t\t\t\t<\/a>\n\t\t\t\t<\/span>\n\t\t\t\t\t\t\t<span class=\"elementor-grid-item\">\n\t\t\t\t\t<a class=\"elementor-icon elementor-social-icon elementor-social-icon-linkedin elementor-repeater-item-f06bac7\" href=\"https:\/\/www.linkedin.com\/company\/ataarelief1\" target=\"_blank\">\n\t\t\t\t\t\t<span class=\"elementor-screen-only\">Linkedin<\/span>\n\t\t\t\t\t\t<svg class=\"e-font-icon-svg e-fab-linkedin\" viewBox=\"0 0 448 512\" xmlns=\"http:\/\/www.w3.org\/2000\/svg\"><path d=\"M416 32H31.9C14.3 32 0 46.5 0 64.3v383.4C0 465.5 14.3 480 31.9 480H416c17.6 0 32-14.5 32-32.3V64.3c0-17.8-14.4-32.3-32-32.3zM135.4 416H69V202.2h66.5V416zm-33.2-243c-21.3 0-38.5-17.3-38.5-38.5S80.9 96 102.2 96c21.2 0 38.5 17.3 38.5 38.5 0 21.3-17.2 38.5-38.5 38.5zm282.1 243h-66.4V312c0-24.8-.5-56.7-34.5-56.7-34.6 0-39.9 27-39.9 54.9V416h-66.4V202.2h63.7v29.2h.9c8.9-16.8 30.6-34.5 62.9-34.5 67.2 0 79.7 44.3 79.7 101.9V416z\"><\/path><\/svg>\t\t\t\t\t<\/a>\n\t\t\t\t<\/span>\n\t\t\t\t\t\t\t<span class=\"elementor-grid-item\">\n\t\t\t\t\t<a class=\"elementor-icon elementor-social-icon elementor-social-icon-youtube elementor-repeater-item-992b070\" href=\"https:\/\/www.youtube.com\/c\/AtaaRelief\" target=\"_blank\">\n\t\t\t\t\t\t<span class=\"elementor-screen-only\">Youtube<\/span>\n\t\t\t\t\t\t<svg class=\"e-font-icon-svg e-fab-youtube\" viewBox=\"0 0 576 512\" xmlns=\"http:\/\/www.w3.org\/2000\/svg\"><path d=\"M549.655 124.083c-6.281-23.65-24.787-42.276-48.284-48.597C458.781 64 288 64 288 64S117.22 64 74.629 75.486c-23.497 6.322-42.003 24.947-48.284 48.597-11.412 42.867-11.412 132.305-11.412 132.305s0 89.438 11.412 132.305c6.281 23.65 24.787 41.5 48.284 47.821C117.22 448 288 448 288 448s170.78 0 213.371-11.486c23.497-6.321 42.003-24.171 48.284-47.821 11.412-42.867 11.412-132.305 11.412-132.305s0-89.438-11.412-132.305zm-317.51 213.508V175.185l142.739 81.205-142.739 81.201z\"><\/path><\/svg>\t\t\t\t\t<\/a>\n\t\t\t\t<\/span>\n\t\t\t\t\t\t\t<span class=\"elementor-grid-item\">\n\t\t\t\t\t<a class=\"elementor-icon elementor-social-icon elementor-social-icon-tiktok elementor-repeater-item-711a83a\" href=\"https:\/\/www.tiktok.com\/@ataarelief\" target=\"_blank\">\n\t\t\t\t\t\t<span class=\"elementor-screen-only\">Tiktok<\/span>\n\t\t\t\t\t\t<svg class=\"e-font-icon-svg e-fab-tiktok\" viewBox=\"0 0 448 512\" xmlns=\"http:\/\/www.w3.org\/2000\/svg\"><path d=\"M448,209.91a210.06,210.06,0,0,1-122.77-39.25V349.38A162.55,162.55,0,1,1,185,188.31V278.2a74.62,74.62,0,1,0,52.23,71.18V0l88,0a121.18,121.18,0,0,0,1.86,22.17h0A122.18,122.18,0,0,0,381,102.39a121.43,121.43,0,0,0,67,20.14Z\"><\/path><\/svg>\t\t\t\t\t<\/a>\n\t\t\t\t<\/span>\n\t\t\t\t\t\t\t<span class=\"elementor-grid-item\">\n\t\t\t\t\t<a class=\"elementor-icon elementor-social-icon elementor-social-icon-telegram elementor-repeater-item-4bf0c09\" href=\"https:\/\/t.me\/AtaaRelief\" target=\"_blank\">\n\t\t\t\t\t\t<span class=\"elementor-screen-only\">Telegram<\/span>\n\t\t\t\t\t\t<svg class=\"e-font-icon-svg e-fab-telegram\" viewBox=\"0 0 496 512\" xmlns=\"http:\/\/www.w3.org\/2000\/svg\"><path d=\"M248 8C111 8 0 119 0 256s111 248 248 248 248-111 248-248S385 8 248 8zm121.8 169.9l-40.7 191.8c-3 13.6-11.1 16.9-22.4 10.5l-62-45.7-29.9 28.8c-3.3 3.3-6.1 6.1-12.5 6.1l4.4-63.1 114.9-103.8c5-4.4-1.1-6.9-7.7-2.5l-142 89.4-61.2-19.1c-13.3-4.2-13.6-13.3 2.8-19.7l239.1-92.2c11.1-4 20.8 2.7 17.2 19.5z\"><\/path><\/svg>\t\t\t\t\t<\/a>\n\t\t\t\t<\/span>\n\t\t\t\t\t<\/div>\n\t\t\t\t<\/div>\n\t\t\t\t<\/div>\n\t\t\t\t<div class=\"elementor-element elementor-element-24acfd42 elementor-widget elementor-widget-spacer\" data-id=\"24acfd42\" data-element_type=\"widget\" data-widget_type=\"spacer.default\">\n\t\t\t\t<div class=\"elementor-widget-container\">\n\t\t\t\t\t<div class=\"elementor-spacer\">\n\t\t\t<div class=\"elementor-spacer-inner\"><\/div>\n\t\t<\/div>\n\t\t\t\t<\/div>\n\t\t\t\t<\/div>\n\t\t\t\t\t<\/div>\n\t\t<\/div>\n\t\t\t\t\t<\/div>\n\t\t<\/section>\n\t\t\t\t<\/div>\n\t\t","protected":false},"excerpt":{"rendered":"<p>E\u011fitimde paralel sistemler olu\u015fturmak yerine mevcut sistemdeki bo\u015fluklar\u0131 doldurarak ve en dezavantajl\u0131 gruplara \u00f6ncelik vererek e\u011fitime eri\u015fimi kolayla\u015ft\u0131rmaya ve iyile\u015ftirmeye y\u00f6nelik \u00e7al\u0131\u015fmalar yap\u0131lmaktad\u0131r. Okulu terk eden \u00f6\u011frencilerin e\u011fitime geri d\u00f6nmesine, kay\u0131tl\u0131\u00f6\u011frencilerin devaml\u0131l\u0131\u011f\u0131n\u0131n sa\u011flanmas\u0131na ve e\u011fitim kalitesinin y\u00fckseltilmesine katk\u0131 sa\u011flanmaktad\u0131r Ataa&#8217;te E\u011fitim faaliyetleri Bizi sosyal a\u011flarda takip edin Facebook Instagram Twitter Linkedin Youtube Tiktok Telegram<\/p>\n","protected":false},"author":8,"featured_media":0,"parent":0,"menu_order":0,"comment_status":"closed","ping_status":"closed","template":"","meta":{"footnotes":""},"class_list":["post-12213","page","type-page","status-publish","hentry"],"yoast_head":"<!-- This site is optimized with the Yoast SEO Premium plugin v26.1 (Yoast SEO v27.4) - https:\/\/yoast.com\/product\/yoast-seo-premium-wordpress\/ -->\n<title>- E\u011fitim<\/title>\n<meta name=\"description\" content=\"E\u011fitimde paralel sistemler olu\u015fturmak yerine mevcut sistemdeki bo\u015fluklar\u0131 doldurarak ve en dezavantajl\u0131 gruplara \u00f6ncelik vererek e\u011fitime\" \/>\n<meta name=\"robots\" content=\"index, follow, max-snippet:-1, max-image-preview:large, max-video-preview:-1\" \/>\n<link rel=\"canonical\" href=\"https:\/\/ataarelief.org\/tr\/egitim\/\" \/>\n<meta property=\"og:locale\" content=\"tr_TR\" \/>\n<meta property=\"og:type\" content=\"article\" \/>\n<meta property=\"og:title\" content=\"E\u011fitim\" \/>\n<meta property=\"og:description\" content=\"E\u011fitimde paralel sistemler olu\u015fturmak yerine mevcut sistemdeki bo\u015fluklar\u0131 doldurarak ve en dezavantajl\u0131 gruplara \u00f6ncelik vererek e\u011fitime\" \/>\n<meta property=\"og:url\" content=\"https:\/\/ataarelief.org\/tr\/egitim\/\" \/>\n<meta property=\"og:site_name\" content=\"ATAA RELIEF\" \/>\n<meta property=\"article:publisher\" content=\"https:\/\/www.facebook.com\/AtaaRelief\" \/>\n<meta property=\"article:modified_time\" content=\"2024-01-15T10:02:26+00:00\" \/>\n<meta property=\"og:image\" content=\"https:\/\/ataarelief.org\/wp-content\/uploads\/2024\/04\/\u0627\u0644\u062a\u0642\u0631\u064a\u0631-\u0627\u0644\u0633\u0646\u0648\u0631\u064a-\u0644\u062c\u0645\u0639\u064a\u0629-\u0639\u0637\u0627\u0621-2023.png\" \/>\n\t<meta property=\"og:image:width\" content=\"1333\" \/>\n\t<meta property=\"og:image:height\" content=\"750\" \/>\n\t<meta property=\"og:image:type\" content=\"image\/png\" \/>\n<meta name=\"twitter:card\" content=\"summary_large_image\" \/>\n<meta name=\"twitter:site\" content=\"@AtaaRelief\" \/>\n<meta name=\"twitter:label1\" content=\"Tahmini okuma s\u00fcresi\" \/>\n\t<meta name=\"twitter:data1\" content=\"1 dakika\" \/>\n<script type=\"application\/ld+json\" class=\"yoast-schema-graph\">{\"@context\":\"https:\\\/\\\/schema.org\",\"@graph\":[{\"@type\":\"WebPage\",\"@id\":\"https:\\\/\\\/ataarelief.org\\\/tr\\\/egitim\\\/\",\"url\":\"https:\\\/\\\/ataarelief.org\\\/tr\\\/egitim\\\/\",\"name\":\"- E\u011fitim\",\"isPartOf\":{\"@id\":\"https:\\\/\\\/ataarelief.org\\\/tr\\\/#website\"},\"datePublished\":\"2021-09-30T12:49:30+00:00\",\"dateModified\":\"2024-01-15T10:02:26+00:00\",\"description\":\"E\u011fitimde paralel sistemler olu\u015fturmak yerine mevcut sistemdeki bo\u015fluklar\u0131 doldurarak ve en dezavantajl\u0131 gruplara \u00f6ncelik vererek e\u011fitime\",\"breadcrumb\":{\"@id\":\"https:\\\/\\\/ataarelief.org\\\/tr\\\/egitim\\\/#breadcrumb\"},\"inLanguage\":\"tr\",\"potentialAction\":[{\"@type\":\"ReadAction\",\"target\":[\"https:\\\/\\\/ataarelief.org\\\/tr\\\/egitim\\\/\"]}]},{\"@type\":\"BreadcrumbList\",\"@id\":\"https:\\\/\\\/ataarelief.org\\\/tr\\\/egitim\\\/#breadcrumb\",\"itemListElement\":[{\"@type\":\"ListItem\",\"position\":1,\"name\":\"Home\",\"item\":\"https:\\\/\\\/ataarelief.org\\\/tr\\\/\"},{\"@type\":\"ListItem\",\"position\":2,\"name\":\"E\u011fitim\"}]},{\"@type\":\"WebSite\",\"@id\":\"https:\\\/\\\/ataarelief.org\\\/tr\\\/#website\",\"url\":\"https:\\\/\\\/ataarelief.org\\\/tr\\\/\",\"name\":\"Ataa Relief\",\"description\":\"\",\"publisher\":{\"@id\":\"https:\\\/\\\/ataarelief.org\\\/tr\\\/#organization\"},\"alternateName\":\"Ataa\",\"potentialAction\":[{\"@type\":\"SearchAction\",\"target\":{\"@type\":\"EntryPoint\",\"urlTemplate\":\"https:\\\/\\\/ataarelief.org\\\/tr\\\/?s={search_term_string}\"},\"query-input\":{\"@type\":\"PropertyValueSpecification\",\"valueRequired\":true,\"valueName\":\"search_term_string\"}}],\"inLanguage\":\"tr\"},{\"@type\":\"Organization\",\"@id\":\"https:\\\/\\\/ataarelief.org\\\/tr\\\/#organization\",\"name\":\"Ataa Relief\",\"alternateName\":\"\u062c\u0645\u0639\u064a\u0629 \u0639\u0637\u0627\u0621 \u0644\u0644\u0625\u063a\u0627\u062b\u0629 \u0627\u0644\u0625\u0646\u0633\u0627\u0646\u064a\u0629\",\"url\":\"https:\\\/\\\/ataarelief.org\\\/tr\\\/\",\"logo\":{\"@type\":\"ImageObject\",\"inLanguage\":\"tr\",\"@id\":\"https:\\\/\\\/ataarelief.org\\\/tr\\\/#\\\/schema\\\/logo\\\/image\\\/\",\"url\":\"https:\\\/\\\/ataarelief.org\\\/wp-content\\\/uploads\\\/2020\\\/09\\\/ATAA-logo.svg\",\"contentUrl\":\"https:\\\/\\\/ataarelief.org\\\/wp-content\\\/uploads\\\/2020\\\/09\\\/ATAA-logo.svg\",\"width\":558,\"height\":769,\"caption\":\"Ataa Relief\"},\"image\":{\"@id\":\"https:\\\/\\\/ataarelief.org\\\/tr\\\/#\\\/schema\\\/logo\\\/image\\\/\"},\"sameAs\":[\"https:\\\/\\\/www.facebook.com\\\/AtaaRelief\",\"https:\\\/\\\/x.com\\\/AtaaRelief\",\"https:\\\/\\\/www.instagram.com\\\/ataarelief\\\/\",\"https:\\\/\\\/www.youtube.com\\\/channel\\\/UCiavrRLhS6NbhvyLtRkocuw\",\"https:\\\/\\\/www.linkedin.com\\\/company\\\/ataarelief1\\\/\"],\"description\":\"A non-profit humanitarian organization registered in Turkey. It was established in early 2013 to provide humanitarian relief to the needy and afflicted.\",\"email\":\"info@ataarelief.org\",\"telephone\":\"+902126358904\",\"publishingPrinciples\":\"https:\\\/\\\/ataarelief.org\\\/where-we-work\\\/\",\"ownershipFundingInfo\":\"https:\\\/\\\/ataarelief.org\\\/about-us\\\/\",\"actionableFeedbackPolicy\":\"https:\\\/\\\/ataarelief.org\\\/humanitarian-action-charter\\\/\",\"correctionsPolicy\":\"https:\\\/\\\/ataarelief.org\\\/privacy-policy\\\/\",\"ethicsPolicy\":\"https:\\\/\\\/ataarelief.org\\\/humanitarian-action-charter\\\/\",\"diversityPolicy\":\"https:\\\/\\\/ataarelief.org\\\/terms-of-use\\\/\",\"diversityStaffingReport\":\"https:\\\/\\\/ataarelief.org\\\/join-us\\\/\"}]}<\/script>\n<!-- \/ Yoast SEO Premium plugin. -->","yoast_head_json":{"title":"- E\u011fitim","description":"E\u011fitimde paralel sistemler olu\u015fturmak yerine mevcut sistemdeki bo\u015fluklar\u0131 doldurarak ve en dezavantajl\u0131 gruplara \u00f6ncelik vererek e\u011fitime","robots":{"index":"index","follow":"follow","max-snippet":"max-snippet:-1","max-image-preview":"max-image-preview:large","max-video-preview":"max-video-preview:-1"},"canonical":"https:\/\/ataarelief.org\/tr\/egitim\/","og_locale":"tr_TR","og_type":"article","og_title":"E\u011fitim","og_description":"E\u011fitimde paralel sistemler olu\u015fturmak yerine mevcut sistemdeki bo\u015fluklar\u0131 doldurarak ve en dezavantajl\u0131 gruplara \u00f6ncelik vererek e\u011fitime","og_url":"https:\/\/ataarelief.org\/tr\/egitim\/","og_site_name":"ATAA RELIEF","article_publisher":"https:\/\/www.facebook.com\/AtaaRelief","article_modified_time":"2024-01-15T10:02:26+00:00","og_image":[{"width":1333,"height":750,"url":"https:\/\/ataarelief.org\/wp-content\/uploads\/2024\/04\/\u0627\u0644\u062a\u0642\u0631\u064a\u0631-\u0627\u0644\u0633\u0646\u0648\u0631\u064a-\u0644\u062c\u0645\u0639\u064a\u0629-\u0639\u0637\u0627\u0621-2023.png","type":"image\/png"}],"twitter_card":"summary_large_image","twitter_site":"@AtaaRelief","twitter_misc":{"Tahmini okuma s\u00fcresi":"1 dakika"},"schema":{"@context":"https:\/\/schema.org","@graph":[{"@type":"WebPage","@id":"https:\/\/ataarelief.org\/tr\/egitim\/","url":"https:\/\/ataarelief.org\/tr\/egitim\/","name":"- E\u011fitim","isPartOf":{"@id":"https:\/\/ataarelief.org\/tr\/#website"},"datePublished":"2021-09-30T12:49:30+00:00","dateModified":"2024-01-15T10:02:26+00:00","description":"E\u011fitimde paralel sistemler olu\u015fturmak yerine mevcut sistemdeki bo\u015fluklar\u0131 doldurarak ve en dezavantajl\u0131 gruplara \u00f6ncelik vererek e\u011fitime","breadcrumb":{"@id":"https:\/\/ataarelief.org\/tr\/egitim\/#breadcrumb"},"inLanguage":"tr","potentialAction":[{"@type":"ReadAction","target":["https:\/\/ataarelief.org\/tr\/egitim\/"]}]},{"@type":"BreadcrumbList","@id":"https:\/\/ataarelief.org\/tr\/egitim\/#breadcrumb","itemListElement":[{"@type":"ListItem","position":1,"name":"Home","item":"https:\/\/ataarelief.org\/tr\/"},{"@type":"ListItem","position":2,"name":"E\u011fitim"}]},{"@type":"WebSite","@id":"https:\/\/ataarelief.org\/tr\/#website","url":"https:\/\/ataarelief.org\/tr\/","name":"Ataa Relief","description":"","publisher":{"@id":"https:\/\/ataarelief.org\/tr\/#organization"},"alternateName":"Ataa","potentialAction":[{"@type":"SearchAction","target":{"@type":"EntryPoint","urlTemplate":"https:\/\/ataarelief.org\/tr\/?s={search_term_string}"},"query-input":{"@type":"PropertyValueSpecification","valueRequired":true,"valueName":"search_term_string"}}],"inLanguage":"tr"},{"@type":"Organization","@id":"https:\/\/ataarelief.org\/tr\/#organization","name":"Ataa Relief","alternateName":"\u062c\u0645\u0639\u064a\u0629 \u0639\u0637\u0627\u0621 \u0644\u0644\u0625\u063a\u0627\u062b\u0629 \u0627\u0644\u0625\u0646\u0633\u0627\u0646\u064a\u0629","url":"https:\/\/ataarelief.org\/tr\/","logo":{"@type":"ImageObject","inLanguage":"tr","@id":"https:\/\/ataarelief.org\/tr\/#\/schema\/logo\/image\/","url":"https:\/\/ataarelief.org\/wp-content\/uploads\/2020\/09\/ATAA-logo.svg","contentUrl":"https:\/\/ataarelief.org\/wp-content\/uploads\/2020\/09\/ATAA-logo.svg","width":558,"height":769,"caption":"Ataa Relief"},"image":{"@id":"https:\/\/ataarelief.org\/tr\/#\/schema\/logo\/image\/"},"sameAs":["https:\/\/www.facebook.com\/AtaaRelief","https:\/\/x.com\/AtaaRelief","https:\/\/www.instagram.com\/ataarelief\/","https:\/\/www.youtube.com\/channel\/UCiavrRLhS6NbhvyLtRkocuw","https:\/\/www.linkedin.com\/company\/ataarelief1\/"],"description":"A non-profit humanitarian organization registered in Turkey. It was established in early 2013 to provide humanitarian relief to the needy and afflicted.","email":"info@ataarelief.org","telephone":"+902126358904","publishingPrinciples":"https:\/\/ataarelief.org\/where-we-work\/","ownershipFundingInfo":"https:\/\/ataarelief.org\/about-us\/","actionableFeedbackPolicy":"https:\/\/ataarelief.org\/humanitarian-action-charter\/","correctionsPolicy":"https:\/\/ataarelief.org\/privacy-policy\/","ethicsPolicy":"https:\/\/ataarelief.org\/humanitarian-action-charter\/","diversityPolicy":"https:\/\/ataarelief.org\/terms-of-use\/","diversityStaffingReport":"https:\/\/ataarelief.org\/join-us\/"}]}},"_links":{"self":[{"href":"https:\/\/ataarelief.org\/tr\/wp-json\/wp\/v2\/pages\/12213","targetHints":{"allow":["GET"]}}],"collection":[{"href":"https:\/\/ataarelief.org\/tr\/wp-json\/wp\/v2\/pages"}],"about":[{"href":"https:\/\/ataarelief.org\/tr\/wp-json\/wp\/v2\/types\/page"}],"author":[{"embeddable":true,"href":"https:\/\/ataarelief.org\/tr\/wp-json\/wp\/v2\/users\/8"}],"replies":[{"embeddable":true,"href":"https:\/\/ataarelief.org\/tr\/wp-json\/wp\/v2\/comments?post=12213"}],"version-history":[{"count":5,"href":"https:\/\/ataarelief.org\/tr\/wp-json\/wp\/v2\/pages\/12213\/revisions"}],"predecessor-version":[{"id":22825,"href":"https:\/\/ataarelief.org\/tr\/wp-json\/wp\/v2\/pages\/12213\/revisions\/22825"}],"wp:attachment":[{"href":"https:\/\/ataarelief.org\/tr\/wp-json\/wp\/v2\/media?parent=12213"}],"curies":[{"name":"wp","href":"https:\/\/api.w.org\/{rel}","templated":true}]}}